{"id":13962,"date":"2022-06-16T14:24:04","date_gmt":"2022-06-16T12:24:04","guid":{"rendered":"https:\/\/www.anny-cosmetics.com\/produkt\/keep-calm-nail-oil-therapy-ay10-979\/"},"modified":"2026-04-02T11:44:48","modified_gmt":"2026-04-02T09:44:48","slug":"keep-calm-nail-oil-therapy-ay10-979","status":"publish","type":"product","link":"https:\/\/www.anny-cosmetics.com\/de\/produkt\/keep-calm-nail-oil-therapy-ay10-979\/","title":{"rendered":"KEEP CALM! NAIL OIL THERAPY"},"content":{"rendered":"<p>Die Keep Calm! Nail Oil Therapy von ANNY setzt auf eine hochwirksame Kombination aus f\u00fcnf n\u00e4hrenden, beruhigenden \u00d6len und erlesenen Extrakten. So entsteht eine luxuri\u00f6se Pflegeformel, die auch spr\u00f6der und strapazierter Nagelhaut neue Geschmeidigkeit schenkt, sie vor Feuchtigkeitsverlust sch\u00fctzt und beruhigt. Nat\u00fcrliches Kokosnuss\u00f6l n\u00e4hrt die Haut, Mandel\u00f6l macht sie geschmeidig, Hanfsamen\u00f6l f\u00f6rdert ihre nat\u00fcrliche Regeneration, der Extrakt aus Rotem Sonnenhut kr\u00e4ftigt die strapazierte Nagelhaut und Weihrauch\u00f6l entfaltet eine ausgleichende und lindernde Wirkung. Abgerundet wird die Rezeptur des Nagel\u00f6ls durch \u00e4therische \u00d6le, die ihm einen unglaublich wohltuenden Duft verleihen.<\/p>\n","protected":false},"excerpt":{"rendered":"<p>Pflege\u00f6l f\u00fcr stark beanspruchte Nagelhaut<\/p>\n","protected":false},"featured_media":80690,"comment_status":"open","ping_status":"closed","template":"","meta":[],"product_brand":[],"product_cat":[1547],"product_tag":[],"class_list":{"0":"post-13962","1":"product","2":"type-product","3":"status-publish","4":"has-post-thumbnail","6":"product_cat-uncategorized","9":"first","10":"instock","11":"shipping-taxable","12":"purchasable","13":"product-type-simple"},"yoast_head":"<!-- This site is optimized with the Yoast SEO plugin v25.7 - https:\/\/yoast.com\/wordpress\/plugins\/seo\/ -->\n<title>KEEP CALM! NAIL OIL THERAPY - ANNY Cosmetics<\/title>\n<meta name=\"description\" content=\"Pflege\u00f6l f\u00fcr stark beanspruchte Nagelhaut\" \/>\n<meta name=\"robots\" content=\"index, follow, max-snippet:-1, max-image-preview:large, max-video-preview:-1\" \/>\n<link rel=\"canonical\" href=\"https:\/\/www.anny-cosmetics.com\/de\/produkt\/keep-calm-nail-oil-therapy-ay10-979\/\" \/>\n<meta property=\"og:locale\" content=\"de_DE\" \/>\n<meta property=\"og:type\" content=\"article\" \/>\n<meta property=\"og:title\" content=\"KEEP CALM! NAIL OIL THERAPY - ANNY Cosmetics\" \/>\n<meta property=\"og:description\" content=\"Pflege\u00f6l f\u00fcr stark beanspruchte Nagelhaut\" \/>\n<meta property=\"og:url\" content=\"https:\/\/www.anny-cosmetics.com\/de\/produkt\/keep-calm-nail-oil-therapy-ay10-979\/\" \/>\n<meta property=\"og:site_name\" content=\"ANNY Cosmetics\" \/>\n<meta property=\"article:publisher\" content=\"https:\/\/www.facebook.com\/Anny.cosmetics\/\" \/>\n<meta property=\"article:modified_time\" content=\"2026-04-02T09:44:48+00:00\" \/>\n<meta property=\"og:image\" content=\"https:\/\/www.anny-cosmetics.com\/app\/uploads\/2024\/11\/ed0f443bc76d4587843ecfa667550a9e868b5c85_Website_format_JPG_A10.979_keep_calm__2_.jpg\" \/>\n\t<meta property=\"og:image:width\" content=\"1875\" \/>\n\t<meta property=\"og:image:height\" content=\"1875\" \/>\n\t<meta property=\"og:image:type\" content=\"image\/jpeg\" \/>\n<meta name=\"twitter:card\" content=\"summary_large_image\" \/>\n<meta name=\"twitter:label1\" content=\"Gesch\u00e4tzte Lesezeit\" \/>\n\t<meta name=\"twitter:data1\" content=\"1 Minute\" \/>\n<script type=\"application\/ld+json\" class=\"yoast-schema-graph\">{\"@context\":\"https:\/\/schema.org\",\"@graph\":[{\"@type\":\"WebPage\",\"@id\":\"https:\/\/www.anny-cosmetics.com\/de\/produkt\/keep-calm-nail-oil-therapy-ay10-979\/\",\"url\":\"https:\/\/www.anny-cosmetics.com\/de\/produkt\/keep-calm-nail-oil-therapy-ay10-979\/\",\"name\":\"KEEP CALM! NAIL OIL THERAPY - ANNY Cosmetics\",\"isPartOf\":{\"@id\":\"https:\/\/www.anny-cosmetics.com\/de\/#website\"},\"primaryImageOfPage\":{\"@id\":\"https:\/\/www.anny-cosmetics.com\/de\/produkt\/keep-calm-nail-oil-therapy-ay10-979\/#primaryimage\"},\"image\":{\"@id\":\"https:\/\/www.anny-cosmetics.com\/de\/produkt\/keep-calm-nail-oil-therapy-ay10-979\/#primaryimage\"},\"thumbnailUrl\":\"https:\/\/www.anny-cosmetics.com\/app\/uploads\/2024\/11\/ed0f443bc76d4587843ecfa667550a9e868b5c85_Website_format_JPG_A10.979_keep_calm__2_.jpg\",\"datePublished\":\"2022-06-16T12:24:04+00:00\",\"dateModified\":\"2026-04-02T09:44:48+00:00\",\"description\":\"Pflege\u00f6l f\u00fcr stark beanspruchte Nagelhaut\",\"breadcrumb\":{\"@id\":\"https:\/\/www.anny-cosmetics.com\/de\/produkt\/keep-calm-nail-oil-therapy-ay10-979\/#breadcrumb\"},\"inLanguage\":\"de-DE\",\"potentialAction\":[{\"@type\":\"ReadAction\",\"target\":[\"https:\/\/www.anny-cosmetics.com\/de\/produkt\/keep-calm-nail-oil-therapy-ay10-979\/\"]}]},{\"@type\":\"ImageObject\",\"inLanguage\":\"de-DE\",\"@id\":\"https:\/\/www.anny-cosmetics.com\/de\/produkt\/keep-calm-nail-oil-therapy-ay10-979\/#primaryimage\",\"url\":\"https:\/\/www.anny-cosmetics.com\/app\/uploads\/2024\/11\/ed0f443bc76d4587843ecfa667550a9e868b5c85_Website_format_JPG_A10.979_keep_calm__2_.jpg\",\"contentUrl\":\"https:\/\/www.anny-cosmetics.com\/app\/uploads\/2024\/11\/ed0f443bc76d4587843ecfa667550a9e868b5c85_Website_format_JPG_A10.979_keep_calm__2_.jpg\",\"width\":1875,\"height\":1875},{\"@type\":\"BreadcrumbList\",\"@id\":\"https:\/\/www.anny-cosmetics.com\/de\/produkt\/keep-calm-nail-oil-therapy-ay10-979\/#breadcrumb\",\"itemListElement\":[{\"@type\":\"ListItem\",\"position\":1,\"name\":\"Home\",\"item\":\"https:\/\/www.anny-cosmetics.com\/de\/\"},{\"@type\":\"ListItem\",\"position\":2,\"name\":\"Shop\",\"item\":\"https:\/\/www.anny-cosmetics.com\/de\/shop\/\"},{\"@type\":\"ListItem\",\"position\":3,\"name\":\"KEEP CALM! NAIL OIL THERAPY\"}]},{\"@type\":\"WebSite\",\"@id\":\"https:\/\/www.anny-cosmetics.com\/de\/#website\",\"url\":\"https:\/\/www.anny-cosmetics.com\/de\/\",\"name\":\"ANNY Cosmetics\",\"description\":\"\",\"potentialAction\":[{\"@type\":\"SearchAction\",\"target\":{\"@type\":\"EntryPoint\",\"urlTemplate\":\"https:\/\/www.anny-cosmetics.com\/de\/?s={search_term_string}\"},\"query-input\":{\"@type\":\"PropertyValueSpecification\",\"valueRequired\":true,\"valueName\":\"search_term_string\"}}],\"inLanguage\":\"de-DE\"}]}<\/script>\n<!-- \/ Yoast SEO plugin. -->","yoast_head_json":{"title":"KEEP CALM! NAIL OIL THERAPY - ANNY Cosmetics","description":"Pflege\u00f6l f\u00fcr stark beanspruchte Nagelhaut","robots":{"index":"index","follow":"follow","max-snippet":"max-snippet:-1","max-image-preview":"max-image-preview:large","max-video-preview":"max-video-preview:-1"},"canonical":"https:\/\/www.anny-cosmetics.com\/de\/produkt\/keep-calm-nail-oil-therapy-ay10-979\/","og_locale":"de_DE","og_type":"article","og_title":"KEEP CALM! NAIL OIL THERAPY - ANNY Cosmetics","og_description":"Pflege\u00f6l f\u00fcr stark beanspruchte Nagelhaut","og_url":"https:\/\/www.anny-cosmetics.com\/de\/produkt\/keep-calm-nail-oil-therapy-ay10-979\/","og_site_name":"ANNY Cosmetics","article_publisher":"https:\/\/www.facebook.com\/Anny.cosmetics\/","article_modified_time":"2026-04-02T09:44:48+00:00","og_image":[{"width":1875,"height":1875,"url":"https:\/\/www.anny-cosmetics.com\/app\/uploads\/2024\/11\/ed0f443bc76d4587843ecfa667550a9e868b5c85_Website_format_JPG_A10.979_keep_calm__2_.jpg","type":"image\/jpeg"}],"twitter_card":"summary_large_image","twitter_misc":{"Gesch\u00e4tzte Lesezeit":"1 Minute"},"schema":{"@context":"https:\/\/schema.org","@graph":[{"@type":"WebPage","@id":"https:\/\/www.anny-cosmetics.com\/de\/produkt\/keep-calm-nail-oil-therapy-ay10-979\/","url":"https:\/\/www.anny-cosmetics.com\/de\/produkt\/keep-calm-nail-oil-therapy-ay10-979\/","name":"KEEP CALM! NAIL OIL THERAPY - ANNY Cosmetics","isPartOf":{"@id":"https:\/\/www.anny-cosmetics.com\/de\/#website"},"primaryImageOfPage":{"@id":"https:\/\/www.anny-cosmetics.com\/de\/produkt\/keep-calm-nail-oil-therapy-ay10-979\/#primaryimage"},"image":{"@id":"https:\/\/www.anny-cosmetics.com\/de\/produkt\/keep-calm-nail-oil-therapy-ay10-979\/#primaryimage"},"thumbnailUrl":"https:\/\/www.anny-cosmetics.com\/app\/uploads\/2024\/11\/ed0f443bc76d4587843ecfa667550a9e868b5c85_Website_format_JPG_A10.979_keep_calm__2_.jpg","datePublished":"2022-06-16T12:24:04+00:00","dateModified":"2026-04-02T09:44:48+00:00","description":"Pflege\u00f6l f\u00fcr stark beanspruchte Nagelhaut","breadcrumb":{"@id":"https:\/\/www.anny-cosmetics.com\/de\/produkt\/keep-calm-nail-oil-therapy-ay10-979\/#breadcrumb"},"inLanguage":"de-DE","potentialAction":[{"@type":"ReadAction","target":["https:\/\/www.anny-cosmetics.com\/de\/produkt\/keep-calm-nail-oil-therapy-ay10-979\/"]}]},{"@type":"ImageObject","inLanguage":"de-DE","@id":"https:\/\/www.anny-cosmetics.com\/de\/produkt\/keep-calm-nail-oil-therapy-ay10-979\/#primaryimage","url":"https:\/\/www.anny-cosmetics.com\/app\/uploads\/2024\/11\/ed0f443bc76d4587843ecfa667550a9e868b5c85_Website_format_JPG_A10.979_keep_calm__2_.jpg","contentUrl":"https:\/\/www.anny-cosmetics.com\/app\/uploads\/2024\/11\/ed0f443bc76d4587843ecfa667550a9e868b5c85_Website_format_JPG_A10.979_keep_calm__2_.jpg","width":1875,"height":1875},{"@type":"BreadcrumbList","@id":"https:\/\/www.anny-cosmetics.com\/de\/produkt\/keep-calm-nail-oil-therapy-ay10-979\/#breadcrumb","itemListElement":[{"@type":"ListItem","position":1,"name":"Home","item":"https:\/\/www.anny-cosmetics.com\/de\/"},{"@type":"ListItem","position":2,"name":"Shop","item":"https:\/\/www.anny-cosmetics.com\/de\/shop\/"},{"@type":"ListItem","position":3,"name":"KEEP CALM! NAIL OIL THERAPY"}]},{"@type":"WebSite","@id":"https:\/\/www.anny-cosmetics.com\/de\/#website","url":"https:\/\/www.anny-cosmetics.com\/de\/","name":"ANNY Cosmetics","description":"","potentialAction":[{"@type":"SearchAction","target":{"@type":"EntryPoint","urlTemplate":"https:\/\/www.anny-cosmetics.com\/de\/?s={search_term_string}"},"query-input":{"@type":"PropertyValueSpecification","valueRequired":true,"valueName":"search_term_string"}}],"inLanguage":"de-DE"}]}},"_links":{"self":[{"href":"https:\/\/www.anny-cosmetics.com\/de\/wp-json\/wp\/v2\/product\/13962","targetHints":{"allow":["GET"]}}],"collection":[{"href":"https:\/\/www.anny-cosmetics.com\/de\/wp-json\/wp\/v2\/product"}],"about":[{"href":"https:\/\/www.anny-cosmetics.com\/de\/wp-json\/wp\/v2\/types\/product"}],"replies":[{"embeddable":true,"href":"https:\/\/www.anny-cosmetics.com\/de\/wp-json\/wp\/v2\/comments?post=13962"}],"version-history":[{"count":13,"href":"https:\/\/www.anny-cosmetics.com\/de\/wp-json\/wp\/v2\/product\/13962\/revisions"}],"predecessor-version":[{"id":17514,"href":"https:\/\/www.anny-cosmetics.com\/de\/wp-json\/wp\/v2\/product\/13962\/revisions\/17514"}],"wp:featuredmedia":[{"embeddable":true,"href":"https:\/\/www.anny-cosmetics.com\/de\/wp-json\/wp\/v2\/media\/80690"}],"wp:attachment":[{"href":"https:\/\/www.anny-cosmetics.com\/de\/wp-json\/wp\/v2\/media?parent=13962"}],"wp:term":[{"taxonomy":"product_brand","embeddable":true,"href":"https:\/\/www.anny-cosmetics.com\/de\/wp-json\/wp\/v2\/product_brand?post=13962"},{"taxonomy":"product_cat","embeddable":true,"href":"https:\/\/www.anny-cosmetics.com\/de\/wp-json\/wp\/v2\/product_cat?post=13962"},{"taxonomy":"product_tag","embeddable":true,"href":"https:\/\/www.anny-cosmetics.com\/de\/wp-json\/wp\/v2\/product_tag?post=13962"}],"curies":[{"name":"wp","href":"https:\/\/api.w.org\/{rel}","templated":true}]}}