{"id":13990,"date":"2022-06-16T14:24:11","date_gmt":"2022-06-16T12:24:11","guid":{"rendered":"https:\/\/www.anny-cosmetics.com\/produkt\/nail-polish-remover-aceton-free-ay11-111\/"},"modified":"2026-05-01T04:27:29","modified_gmt":"2026-05-01T02:27:29","slug":"nail-polish-remover-aceton-free-ay11-111","status":"publish","type":"product","link":"https:\/\/www.anny-cosmetics.com\/de\/produkt\/nail-polish-remover-aceton-free-ay11-111\/","title":{"rendered":"NAIL POLISH REMOVER ACETON FREE"},"content":{"rendered":"<p>Der ANNY Nail Polish Remover ist ein schonender Nagellackentferner, der Nagellack zuverl\u00e4ssig entfernt. Die einzigartige Formel ohne Aceton erm\u00f6glicht eine schonende und dennoch schnelle, gr\u00fcndliche und r\u00fcckstandslose Entfernung des Lacks. Er ist auch f\u00fcr k\u00fcnstliche Fingern\u00e4gel geeignet.<\/p>\n<p>Warn- und Gefahrenhinweise:<br \/>Flamme (GHS02) &#8211; Leicht-\/Hochentz\u00fcndlich, Ausrufezeichen (GHS07) &#8211; Reizend<br \/>Gefahr<br \/>H225 Fl\u00fcssigkeit und Dampf leicht entz\u00fcndbar.<br \/>H319 Verursacht schwere Augenreizung.<br \/>H336 Kann Schl\u00e4frigkeit und Benommenheit verursachen.<br \/>EUH066 Wiederholter Kontakt kann zu spr\u00f6der oder ris\u00adsiger Haut f\u00fchren.<br \/>P102 Darf nicht in die H\u00e4nde von Kindern gelangen.<br \/>P210 Von Hitze, hei\u00dfen Oberfl\u00e4chen, Funken, offenen Flammen sowie anderen Z\u00fcndquellen fernhalten. Nicht rauchen.<br \/>P260 Dampf nicht einatmen.<br \/>P305+P351+P338 BEI KONTAKT MIT DEN AUGEN: Einige Minuten lang behutsam mit Wasser sp\u00fclen. Eventuell vorhandene Kontaktlinsen nach M\u00f6glichkeit entfernen. Weiter sp\u00fclen.<br \/>P337+P313 Bei anhaltender Augenreizung: \u00c4rztlichen Rat einholen\/\u00e4rztliche Hilfe hinzuziehen.<br \/>P501 Entsorgung des Inhalt\/Beh\u00e4lter gem\u00e4\u00df den lokalen Vorschriften.<\/p>\n<p>Enth\u00e4lt Vitamin A. Ber\u00fccksichtigen Sie Ihre t\u00e4gliche Aufnahme vor der Anwendung.<\/p>\n","protected":false},"excerpt":{"rendered":"<p>Schonender acetonfreier Nagellackentferner<\/p>\n","protected":false},"featured_media":68813,"comment_status":"open","ping_status":"closed","template":"","meta":[],"product_brand":[],"product_cat":[1547],"product_tag":[],"class_list":{"0":"post-13990","1":"product","2":"type-product","3":"status-publish","4":"has-post-thumbnail","6":"product_cat-uncategorized","9":"first","10":"instock","11":"shipping-taxable","12":"purchasable","13":"product-type-simple"},"yoast_head":"<!-- This site is optimized with the Yoast SEO plugin v25.7 - https:\/\/yoast.com\/wordpress\/plugins\/seo\/ -->\n<title>NAIL POLISH REMOVER ACETON FREE - ANNY Cosmetics<\/title>\n<meta name=\"description\" content=\"Schonender acetonfreier Nagellackentferner\" \/>\n<meta name=\"robots\" content=\"index, follow, max-snippet:-1, max-image-preview:large, max-video-preview:-1\" \/>\n<link rel=\"canonical\" href=\"https:\/\/www.anny-cosmetics.com\/de\/produkt\/nail-polish-remover-aceton-free-ay11-111\/\" \/>\n<meta property=\"og:locale\" content=\"de_DE\" \/>\n<meta property=\"og:type\" content=\"article\" \/>\n<meta property=\"og:title\" content=\"NAIL POLISH REMOVER ACETON FREE - ANNY Cosmetics\" \/>\n<meta property=\"og:description\" content=\"Schonender acetonfreier Nagellackentferner\" \/>\n<meta property=\"og:url\" content=\"https:\/\/www.anny-cosmetics.com\/de\/produkt\/nail-polish-remover-aceton-free-ay11-111\/\" \/>\n<meta property=\"og:site_name\" content=\"ANNY Cosmetics\" \/>\n<meta property=\"article:publisher\" content=\"https:\/\/www.facebook.com\/Anny.cosmetics\/\" \/>\n<meta property=\"article:modified_time\" content=\"2026-05-01T02:27:29+00:00\" \/>\n<meta property=\"og:image\" content=\"https:\/\/www.anny-cosmetics.com\/app\/uploads\/2024\/05\/c59990834efd81ccdb262241fce66a6d298e8608_A11.111_Nail_Polish_Remover_Acetonefree.jpg\" \/>\n\t<meta property=\"og:image:width\" content=\"2000\" \/>\n\t<meta property=\"og:image:height\" content=\"2000\" \/>\n\t<meta property=\"og:image:type\" content=\"image\/jpeg\" \/>\n<meta name=\"twitter:card\" content=\"summary_large_image\" \/>\n<meta name=\"twitter:label1\" content=\"Gesch\u00e4tzte Lesezeit\" \/>\n\t<meta name=\"twitter:data1\" content=\"1 Minute\" \/>\n<script type=\"application\/ld+json\" class=\"yoast-schema-graph\">{\"@context\":\"https:\/\/schema.org\",\"@graph\":[{\"@type\":\"WebPage\",\"@id\":\"https:\/\/www.anny-cosmetics.com\/de\/produkt\/nail-polish-remover-aceton-free-ay11-111\/\",\"url\":\"https:\/\/www.anny-cosmetics.com\/de\/produkt\/nail-polish-remover-aceton-free-ay11-111\/\",\"name\":\"NAIL POLISH REMOVER ACETON FREE - ANNY Cosmetics\",\"isPartOf\":{\"@id\":\"https:\/\/www.anny-cosmetics.com\/de\/#website\"},\"primaryImageOfPage\":{\"@id\":\"https:\/\/www.anny-cosmetics.com\/de\/produkt\/nail-polish-remover-aceton-free-ay11-111\/#primaryimage\"},\"image\":{\"@id\":\"https:\/\/www.anny-cosmetics.com\/de\/produkt\/nail-polish-remover-aceton-free-ay11-111\/#primaryimage\"},\"thumbnailUrl\":\"https:\/\/www.anny-cosmetics.com\/app\/uploads\/2024\/05\/c59990834efd81ccdb262241fce66a6d298e8608_A11.111_Nail_Polish_Remover_Acetonefree.jpg\",\"datePublished\":\"2022-06-16T12:24:11+00:00\",\"dateModified\":\"2026-05-01T02:27:29+00:00\",\"description\":\"Schonender acetonfreier Nagellackentferner\",\"breadcrumb\":{\"@id\":\"https:\/\/www.anny-cosmetics.com\/de\/produkt\/nail-polish-remover-aceton-free-ay11-111\/#breadcrumb\"},\"inLanguage\":\"de-DE\",\"potentialAction\":[{\"@type\":\"ReadAction\",\"target\":[\"https:\/\/www.anny-cosmetics.com\/de\/produkt\/nail-polish-remover-aceton-free-ay11-111\/\"]}]},{\"@type\":\"ImageObject\",\"inLanguage\":\"de-DE\",\"@id\":\"https:\/\/www.anny-cosmetics.com\/de\/produkt\/nail-polish-remover-aceton-free-ay11-111\/#primaryimage\",\"url\":\"https:\/\/www.anny-cosmetics.com\/app\/uploads\/2024\/05\/c59990834efd81ccdb262241fce66a6d298e8608_A11.111_Nail_Polish_Remover_Acetonefree.jpg\",\"contentUrl\":\"https:\/\/www.anny-cosmetics.com\/app\/uploads\/2024\/05\/c59990834efd81ccdb262241fce66a6d298e8608_A11.111_Nail_Polish_Remover_Acetonefree.jpg\",\"width\":2000,\"height\":2000},{\"@type\":\"BreadcrumbList\",\"@id\":\"https:\/\/www.anny-cosmetics.com\/de\/produkt\/nail-polish-remover-aceton-free-ay11-111\/#breadcrumb\",\"itemListElement\":[{\"@type\":\"ListItem\",\"position\":1,\"name\":\"Home\",\"item\":\"https:\/\/www.anny-cosmetics.com\/de\/\"},{\"@type\":\"ListItem\",\"position\":2,\"name\":\"Shop\",\"item\":\"https:\/\/www.anny-cosmetics.com\/de\/shop\/\"},{\"@type\":\"ListItem\",\"position\":3,\"name\":\"NAIL POLISH REMOVER ACETON FREE\"}]},{\"@type\":\"WebSite\",\"@id\":\"https:\/\/www.anny-cosmetics.com\/de\/#website\",\"url\":\"https:\/\/www.anny-cosmetics.com\/de\/\",\"name\":\"ANNY Cosmetics\",\"description\":\"\",\"potentialAction\":[{\"@type\":\"SearchAction\",\"target\":{\"@type\":\"EntryPoint\",\"urlTemplate\":\"https:\/\/www.anny-cosmetics.com\/de\/?s={search_term_string}\"},\"query-input\":{\"@type\":\"PropertyValueSpecification\",\"valueRequired\":true,\"valueName\":\"search_term_string\"}}],\"inLanguage\":\"de-DE\"}]}<\/script>\n<!-- \/ Yoast SEO plugin. -->","yoast_head_json":{"title":"NAIL POLISH REMOVER ACETON FREE - ANNY Cosmetics","description":"Schonender acetonfreier Nagellackentferner","robots":{"index":"index","follow":"follow","max-snippet":"max-snippet:-1","max-image-preview":"max-image-preview:large","max-video-preview":"max-video-preview:-1"},"canonical":"https:\/\/www.anny-cosmetics.com\/de\/produkt\/nail-polish-remover-aceton-free-ay11-111\/","og_locale":"de_DE","og_type":"article","og_title":"NAIL POLISH REMOVER ACETON FREE - ANNY Cosmetics","og_description":"Schonender acetonfreier Nagellackentferner","og_url":"https:\/\/www.anny-cosmetics.com\/de\/produkt\/nail-polish-remover-aceton-free-ay11-111\/","og_site_name":"ANNY Cosmetics","article_publisher":"https:\/\/www.facebook.com\/Anny.cosmetics\/","article_modified_time":"2026-05-01T02:27:29+00:00","og_image":[{"width":2000,"height":2000,"url":"https:\/\/www.anny-cosmetics.com\/app\/uploads\/2024\/05\/c59990834efd81ccdb262241fce66a6d298e8608_A11.111_Nail_Polish_Remover_Acetonefree.jpg","type":"image\/jpeg"}],"twitter_card":"summary_large_image","twitter_misc":{"Gesch\u00e4tzte Lesezeit":"1 Minute"},"schema":{"@context":"https:\/\/schema.org","@graph":[{"@type":"WebPage","@id":"https:\/\/www.anny-cosmetics.com\/de\/produkt\/nail-polish-remover-aceton-free-ay11-111\/","url":"https:\/\/www.anny-cosmetics.com\/de\/produkt\/nail-polish-remover-aceton-free-ay11-111\/","name":"NAIL POLISH REMOVER ACETON FREE - ANNY Cosmetics","isPartOf":{"@id":"https:\/\/www.anny-cosmetics.com\/de\/#website"},"primaryImageOfPage":{"@id":"https:\/\/www.anny-cosmetics.com\/de\/produkt\/nail-polish-remover-aceton-free-ay11-111\/#primaryimage"},"image":{"@id":"https:\/\/www.anny-cosmetics.com\/de\/produkt\/nail-polish-remover-aceton-free-ay11-111\/#primaryimage"},"thumbnailUrl":"https:\/\/www.anny-cosmetics.com\/app\/uploads\/2024\/05\/c59990834efd81ccdb262241fce66a6d298e8608_A11.111_Nail_Polish_Remover_Acetonefree.jpg","datePublished":"2022-06-16T12:24:11+00:00","dateModified":"2026-05-01T02:27:29+00:00","description":"Schonender acetonfreier Nagellackentferner","breadcrumb":{"@id":"https:\/\/www.anny-cosmetics.com\/de\/produkt\/nail-polish-remover-aceton-free-ay11-111\/#breadcrumb"},"inLanguage":"de-DE","potentialAction":[{"@type":"ReadAction","target":["https:\/\/www.anny-cosmetics.com\/de\/produkt\/nail-polish-remover-aceton-free-ay11-111\/"]}]},{"@type":"ImageObject","inLanguage":"de-DE","@id":"https:\/\/www.anny-cosmetics.com\/de\/produkt\/nail-polish-remover-aceton-free-ay11-111\/#primaryimage","url":"https:\/\/www.anny-cosmetics.com\/app\/uploads\/2024\/05\/c59990834efd81ccdb262241fce66a6d298e8608_A11.111_Nail_Polish_Remover_Acetonefree.jpg","contentUrl":"https:\/\/www.anny-cosmetics.com\/app\/uploads\/2024\/05\/c59990834efd81ccdb262241fce66a6d298e8608_A11.111_Nail_Polish_Remover_Acetonefree.jpg","width":2000,"height":2000},{"@type":"BreadcrumbList","@id":"https:\/\/www.anny-cosmetics.com\/de\/produkt\/nail-polish-remover-aceton-free-ay11-111\/#breadcrumb","itemListElement":[{"@type":"ListItem","position":1,"name":"Home","item":"https:\/\/www.anny-cosmetics.com\/de\/"},{"@type":"ListItem","position":2,"name":"Shop","item":"https:\/\/www.anny-cosmetics.com\/de\/shop\/"},{"@type":"ListItem","position":3,"name":"NAIL POLISH REMOVER ACETON FREE"}]},{"@type":"WebSite","@id":"https:\/\/www.anny-cosmetics.com\/de\/#website","url":"https:\/\/www.anny-cosmetics.com\/de\/","name":"ANNY Cosmetics","description":"","potentialAction":[{"@type":"SearchAction","target":{"@type":"EntryPoint","urlTemplate":"https:\/\/www.anny-cosmetics.com\/de\/?s={search_term_string}"},"query-input":{"@type":"PropertyValueSpecification","valueRequired":true,"valueName":"search_term_string"}}],"inLanguage":"de-DE"}]}},"_links":{"self":[{"href":"https:\/\/www.anny-cosmetics.com\/de\/wp-json\/wp\/v2\/product\/13990","targetHints":{"allow":["GET"]}}],"collection":[{"href":"https:\/\/www.anny-cosmetics.com\/de\/wp-json\/wp\/v2\/product"}],"about":[{"href":"https:\/\/www.anny-cosmetics.com\/de\/wp-json\/wp\/v2\/types\/product"}],"replies":[{"embeddable":true,"href":"https:\/\/www.anny-cosmetics.com\/de\/wp-json\/wp\/v2\/comments?post=13990"}],"version-history":[{"count":23,"href":"https:\/\/www.anny-cosmetics.com\/de\/wp-json\/wp\/v2\/product\/13990\/revisions"}],"predecessor-version":[{"id":81176,"href":"https:\/\/www.anny-cosmetics.com\/de\/wp-json\/wp\/v2\/product\/13990\/revisions\/81176"}],"wp:featuredmedia":[{"embeddable":true,"href":"https:\/\/www.anny-cosmetics.com\/de\/wp-json\/wp\/v2\/media\/68813"}],"wp:attachment":[{"href":"https:\/\/www.anny-cosmetics.com\/de\/wp-json\/wp\/v2\/media?parent=13990"}],"wp:term":[{"taxonomy":"product_brand","embeddable":true,"href":"https:\/\/www.anny-cosmetics.com\/de\/wp-json\/wp\/v2\/product_brand?post=13990"},{"taxonomy":"product_cat","embeddable":true,"href":"https:\/\/www.anny-cosmetics.com\/de\/wp-json\/wp\/v2\/product_cat?post=13990"},{"taxonomy":"product_tag","embeddable":true,"href":"https:\/\/www.anny-cosmetics.com\/de\/wp-json\/wp\/v2\/product_tag?post=13990"}],"curies":[{"name":"wp","href":"https:\/\/api.w.org\/{rel}","templated":true}]}}