{"id":14001,"date":"2022-06-16T14:24:15","date_gmt":"2022-06-16T12:24:15","guid":{"rendered":"https:\/\/www.anny-cosmetics.com\/produkt\/ridgefiller-ay10-915\/"},"modified":"2026-02-18T16:22:40","modified_gmt":"2026-02-18T15:22:40","slug":"ridgefiller-ay10-915","status":"publish","type":"product","link":"https:\/\/www.anny-cosmetics.com\/de\/produkt\/ridgefiller-ay10-915\/","title":{"rendered":"ridgefiller"},"content":{"rendered":"<p>Der schnelltrocknende, formaldehydfreie Basislack mit Mineralien und feuchtigkeitsspendendem Vitamin E gleicht Rillen und Unebenheiten in der Nagelplatte aus und verleiht den N\u00e4geln eine gleichm\u00e4\u00dfigere Oberfl\u00e4che. Die innovative Formel beugt dem Splittern und Brechen der N\u00e4gel vor und erleichtert ein ebenm\u00e4\u00dfiges Auftragen von Farblacken. Dar\u00fcber hinaus eignet sich der Basislack optimal als Unterlack bei stark pigmentierten Farblacken und sch\u00fctzt die N\u00e4gel so vor Verf\u00e4rbungen. Die Textur in pastellfarbenem Ros\u00e9 l\u00e4sst die Nagel nat\u00fcrlich gepflegt erscheinen und verleiht auch Kunstn\u00e4geln einen besonders nat\u00fcrlichen Look.<\/p>\n","protected":false},"excerpt":{"rendered":"<p>Spezialllack f\u00fcr eine ebene Nageloberfl\u00e4che<\/p>\n","protected":false},"featured_media":77654,"comment_status":"open","ping_status":"closed","template":"","meta":[],"product_brand":[],"product_cat":[1606],"product_tag":[],"class_list":{"0":"post-14001","1":"product","2":"type-product","3":"status-publish","4":"has-post-thumbnail","6":"product_cat-base-top-coat","9":"first","10":"instock","11":"shipping-taxable","12":"purchasable","13":"product-type-simple"},"yoast_head":"<!-- This site is optimized with the Yoast SEO plugin v25.7 - https:\/\/yoast.com\/wordpress\/plugins\/seo\/ -->\n<title>ridgefiller - ANNY Cosmetics<\/title>\n<meta name=\"description\" content=\"Spezialllack f\u00fcr eine ebene Nageloberfl\u00e4che\" \/>\n<meta name=\"robots\" content=\"index, follow, max-snippet:-1, max-image-preview:large, max-video-preview:-1\" \/>\n<link rel=\"canonical\" href=\"https:\/\/www.anny-cosmetics.com\/de\/produkt\/ridgefiller-ay10-915\/\" \/>\n<meta property=\"og:locale\" content=\"de_DE\" \/>\n<meta property=\"og:type\" content=\"article\" \/>\n<meta property=\"og:title\" content=\"ridgefiller - ANNY Cosmetics\" \/>\n<meta property=\"og:description\" content=\"Spezialllack f\u00fcr eine ebene Nageloberfl\u00e4che\" \/>\n<meta property=\"og:url\" content=\"https:\/\/www.anny-cosmetics.com\/de\/produkt\/ridgefiller-ay10-915\/\" \/>\n<meta property=\"og:site_name\" content=\"ANNY Cosmetics\" \/>\n<meta property=\"article:publisher\" content=\"https:\/\/www.facebook.com\/Anny.cosmetics\/\" \/>\n<meta property=\"article:modified_time\" content=\"2026-02-18T15:22:40+00:00\" \/>\n<meta property=\"og:image\" content=\"https:\/\/www.anny-cosmetics.com\/app\/uploads\/2024\/06\/d433bd7119e2c32a26e4b6954fdeec49a999a4cb_Website_format_JPG_A10.915_ridgefiller__1_.jpg\" \/>\n\t<meta property=\"og:image:width\" content=\"2000\" \/>\n\t<meta property=\"og:image:height\" content=\"2000\" \/>\n\t<meta property=\"og:image:type\" content=\"image\/jpeg\" \/>\n<meta name=\"twitter:card\" content=\"summary_large_image\" \/>\n<script type=\"application\/ld+json\" class=\"yoast-schema-graph\">{\"@context\":\"https:\/\/schema.org\",\"@graph\":[{\"@type\":\"WebPage\",\"@id\":\"https:\/\/www.anny-cosmetics.com\/de\/produkt\/ridgefiller-ay10-915\/\",\"url\":\"https:\/\/www.anny-cosmetics.com\/de\/produkt\/ridgefiller-ay10-915\/\",\"name\":\"ridgefiller - ANNY Cosmetics\",\"isPartOf\":{\"@id\":\"https:\/\/www.anny-cosmetics.com\/de\/#website\"},\"primaryImageOfPage\":{\"@id\":\"https:\/\/www.anny-cosmetics.com\/de\/produkt\/ridgefiller-ay10-915\/#primaryimage\"},\"image\":{\"@id\":\"https:\/\/www.anny-cosmetics.com\/de\/produkt\/ridgefiller-ay10-915\/#primaryimage\"},\"thumbnailUrl\":\"https:\/\/www.anny-cosmetics.com\/app\/uploads\/2024\/06\/d433bd7119e2c32a26e4b6954fdeec49a999a4cb_Website_format_JPG_A10.915_ridgefiller__1_.jpg\",\"datePublished\":\"2022-06-16T12:24:15+00:00\",\"dateModified\":\"2026-02-18T15:22:40+00:00\",\"description\":\"Spezialllack f\u00fcr eine ebene Nageloberfl\u00e4che\",\"breadcrumb\":{\"@id\":\"https:\/\/www.anny-cosmetics.com\/de\/produkt\/ridgefiller-ay10-915\/#breadcrumb\"},\"inLanguage\":\"de-DE\",\"potentialAction\":[{\"@type\":\"ReadAction\",\"target\":[\"https:\/\/www.anny-cosmetics.com\/de\/produkt\/ridgefiller-ay10-915\/\"]}]},{\"@type\":\"ImageObject\",\"inLanguage\":\"de-DE\",\"@id\":\"https:\/\/www.anny-cosmetics.com\/de\/produkt\/ridgefiller-ay10-915\/#primaryimage\",\"url\":\"https:\/\/www.anny-cosmetics.com\/app\/uploads\/2024\/06\/d433bd7119e2c32a26e4b6954fdeec49a999a4cb_Website_format_JPG_A10.915_ridgefiller__1_.jpg\",\"contentUrl\":\"https:\/\/www.anny-cosmetics.com\/app\/uploads\/2024\/06\/d433bd7119e2c32a26e4b6954fdeec49a999a4cb_Website_format_JPG_A10.915_ridgefiller__1_.jpg\",\"width\":2000,\"height\":2000},{\"@type\":\"BreadcrumbList\",\"@id\":\"https:\/\/www.anny-cosmetics.com\/de\/produkt\/ridgefiller-ay10-915\/#breadcrumb\",\"itemListElement\":[{\"@type\":\"ListItem\",\"position\":1,\"name\":\"Home\",\"item\":\"https:\/\/www.anny-cosmetics.com\/de\/\"},{\"@type\":\"ListItem\",\"position\":2,\"name\":\"Shop\",\"item\":\"https:\/\/www.anny-cosmetics.com\/de\/shop\/\"},{\"@type\":\"ListItem\",\"position\":3,\"name\":\"ridgefiller\"}]},{\"@type\":\"WebSite\",\"@id\":\"https:\/\/www.anny-cosmetics.com\/de\/#website\",\"url\":\"https:\/\/www.anny-cosmetics.com\/de\/\",\"name\":\"ANNY Cosmetics\",\"description\":\"\",\"potentialAction\":[{\"@type\":\"SearchAction\",\"target\":{\"@type\":\"EntryPoint\",\"urlTemplate\":\"https:\/\/www.anny-cosmetics.com\/de\/?s={search_term_string}\"},\"query-input\":{\"@type\":\"PropertyValueSpecification\",\"valueRequired\":true,\"valueName\":\"search_term_string\"}}],\"inLanguage\":\"de-DE\"}]}<\/script>\n<!-- \/ Yoast SEO plugin. -->","yoast_head_json":{"title":"ridgefiller - ANNY Cosmetics","description":"Spezialllack f\u00fcr eine ebene Nageloberfl\u00e4che","robots":{"index":"index","follow":"follow","max-snippet":"max-snippet:-1","max-image-preview":"max-image-preview:large","max-video-preview":"max-video-preview:-1"},"canonical":"https:\/\/www.anny-cosmetics.com\/de\/produkt\/ridgefiller-ay10-915\/","og_locale":"de_DE","og_type":"article","og_title":"ridgefiller - ANNY Cosmetics","og_description":"Spezialllack f\u00fcr eine ebene Nageloberfl\u00e4che","og_url":"https:\/\/www.anny-cosmetics.com\/de\/produkt\/ridgefiller-ay10-915\/","og_site_name":"ANNY Cosmetics","article_publisher":"https:\/\/www.facebook.com\/Anny.cosmetics\/","article_modified_time":"2026-02-18T15:22:40+00:00","og_image":[{"width":2000,"height":2000,"url":"https:\/\/www.anny-cosmetics.com\/app\/uploads\/2024\/06\/d433bd7119e2c32a26e4b6954fdeec49a999a4cb_Website_format_JPG_A10.915_ridgefiller__1_.jpg","type":"image\/jpeg"}],"twitter_card":"summary_large_image","schema":{"@context":"https:\/\/schema.org","@graph":[{"@type":"WebPage","@id":"https:\/\/www.anny-cosmetics.com\/de\/produkt\/ridgefiller-ay10-915\/","url":"https:\/\/www.anny-cosmetics.com\/de\/produkt\/ridgefiller-ay10-915\/","name":"ridgefiller - ANNY Cosmetics","isPartOf":{"@id":"https:\/\/www.anny-cosmetics.com\/de\/#website"},"primaryImageOfPage":{"@id":"https:\/\/www.anny-cosmetics.com\/de\/produkt\/ridgefiller-ay10-915\/#primaryimage"},"image":{"@id":"https:\/\/www.anny-cosmetics.com\/de\/produkt\/ridgefiller-ay10-915\/#primaryimage"},"thumbnailUrl":"https:\/\/www.anny-cosmetics.com\/app\/uploads\/2024\/06\/d433bd7119e2c32a26e4b6954fdeec49a999a4cb_Website_format_JPG_A10.915_ridgefiller__1_.jpg","datePublished":"2022-06-16T12:24:15+00:00","dateModified":"2026-02-18T15:22:40+00:00","description":"Spezialllack f\u00fcr eine ebene Nageloberfl\u00e4che","breadcrumb":{"@id":"https:\/\/www.anny-cosmetics.com\/de\/produkt\/ridgefiller-ay10-915\/#breadcrumb"},"inLanguage":"de-DE","potentialAction":[{"@type":"ReadAction","target":["https:\/\/www.anny-cosmetics.com\/de\/produkt\/ridgefiller-ay10-915\/"]}]},{"@type":"ImageObject","inLanguage":"de-DE","@id":"https:\/\/www.anny-cosmetics.com\/de\/produkt\/ridgefiller-ay10-915\/#primaryimage","url":"https:\/\/www.anny-cosmetics.com\/app\/uploads\/2024\/06\/d433bd7119e2c32a26e4b6954fdeec49a999a4cb_Website_format_JPG_A10.915_ridgefiller__1_.jpg","contentUrl":"https:\/\/www.anny-cosmetics.com\/app\/uploads\/2024\/06\/d433bd7119e2c32a26e4b6954fdeec49a999a4cb_Website_format_JPG_A10.915_ridgefiller__1_.jpg","width":2000,"height":2000},{"@type":"BreadcrumbList","@id":"https:\/\/www.anny-cosmetics.com\/de\/produkt\/ridgefiller-ay10-915\/#breadcrumb","itemListElement":[{"@type":"ListItem","position":1,"name":"Home","item":"https:\/\/www.anny-cosmetics.com\/de\/"},{"@type":"ListItem","position":2,"name":"Shop","item":"https:\/\/www.anny-cosmetics.com\/de\/shop\/"},{"@type":"ListItem","position":3,"name":"ridgefiller"}]},{"@type":"WebSite","@id":"https:\/\/www.anny-cosmetics.com\/de\/#website","url":"https:\/\/www.anny-cosmetics.com\/de\/","name":"ANNY Cosmetics","description":"","potentialAction":[{"@type":"SearchAction","target":{"@type":"EntryPoint","urlTemplate":"https:\/\/www.anny-cosmetics.com\/de\/?s={search_term_string}"},"query-input":{"@type":"PropertyValueSpecification","valueRequired":true,"valueName":"search_term_string"}}],"inLanguage":"de-DE"}]}},"_links":{"self":[{"href":"https:\/\/www.anny-cosmetics.com\/de\/wp-json\/wp\/v2\/product\/14001","targetHints":{"allow":["GET"]}}],"collection":[{"href":"https:\/\/www.anny-cosmetics.com\/de\/wp-json\/wp\/v2\/product"}],"about":[{"href":"https:\/\/www.anny-cosmetics.com\/de\/wp-json\/wp\/v2\/types\/product"}],"replies":[{"embeddable":true,"href":"https:\/\/www.anny-cosmetics.com\/de\/wp-json\/wp\/v2\/comments?post=14001"}],"version-history":[{"count":13,"href":"https:\/\/www.anny-cosmetics.com\/de\/wp-json\/wp\/v2\/product\/14001\/revisions"}],"predecessor-version":[{"id":17528,"href":"https:\/\/www.anny-cosmetics.com\/de\/wp-json\/wp\/v2\/product\/14001\/revisions\/17528"}],"wp:featuredmedia":[{"embeddable":true,"href":"https:\/\/www.anny-cosmetics.com\/de\/wp-json\/wp\/v2\/media\/77654"}],"wp:attachment":[{"href":"https:\/\/www.anny-cosmetics.com\/de\/wp-json\/wp\/v2\/media?parent=14001"}],"wp:term":[{"taxonomy":"product_brand","embeddable":true,"href":"https:\/\/www.anny-cosmetics.com\/de\/wp-json\/wp\/v2\/product_brand?post=14001"},{"taxonomy":"product_cat","embeddable":true,"href":"https:\/\/www.anny-cosmetics.com\/de\/wp-json\/wp\/v2\/product_cat?post=14001"},{"taxonomy":"product_tag","embeddable":true,"href":"https:\/\/www.anny-cosmetics.com\/de\/wp-json\/wp\/v2\/product_tag?post=14001"}],"curies":[{"name":"wp","href":"https:\/\/api.w.org\/{rel}","templated":true}]}}