{"id":14002,"date":"2022-06-16T14:24:15","date_gmt":"2022-06-16T12:24:15","guid":{"rendered":"https:\/\/www.anny-cosmetics.com\/produkt\/base-coat-ay10-910\/"},"modified":"2026-02-18T16:22:34","modified_gmt":"2026-02-18T15:22:34","slug":"base-coat-ay10-910","status":"publish","type":"product","link":"https:\/\/www.anny-cosmetics.com\/de\/produkt\/base-coat-ay10-910\/","title":{"rendered":"base coat"},"content":{"rendered":"<p>Der schnelltrocknende Base Coat ist die optimale Grundierung f\u00fcr jeden Nagellack. Er sorgt f\u00fcr eine sch\u00fctzende Lackschicht, die das Auftragen des Farblacks vereinfacht und gleichzeitig dessen Haltbarkeit erh\u00f6ht. Der Base Coat sch\u00fctzt als Unterlack f\u00fcr Farblacke vor gelblichen Verf\u00e4rbungen der N\u00e4gel und ist formaldehydfrei.<\/p>\n","protected":false},"excerpt":{"rendered":"<p>Base Coat f\u00fcr eine lange Haltbarkeit und Schutz der N\u00e4gel vor Verf\u00e4rbungen<\/p>\n","protected":false},"featured_media":77750,"comment_status":"open","ping_status":"closed","template":"","meta":[],"product_brand":[],"product_cat":[1606],"product_tag":[],"class_list":{"0":"post-14002","1":"product","2":"type-product","3":"status-publish","4":"has-post-thumbnail","6":"product_cat-base-top-coat","9":"first","10":"instock","11":"shipping-taxable","12":"purchasable","13":"product-type-simple"},"yoast_head":"<!-- This site is optimized with the Yoast SEO plugin v25.7 - https:\/\/yoast.com\/wordpress\/plugins\/seo\/ -->\n<title>base coat - ANNY Cosmetics<\/title>\n<meta name=\"description\" content=\"Base Coat f\u00fcr eine lange Haltbarkeit und Schutz der N\u00e4gel vor Verf\u00e4rbungen\" \/>\n<meta name=\"robots\" content=\"index, follow, max-snippet:-1, max-image-preview:large, max-video-preview:-1\" \/>\n<link rel=\"canonical\" href=\"https:\/\/www.anny-cosmetics.com\/de\/produkt\/base-coat-ay10-910\/\" \/>\n<meta property=\"og:locale\" content=\"de_DE\" \/>\n<meta property=\"og:type\" content=\"article\" \/>\n<meta property=\"og:title\" content=\"base coat - ANNY Cosmetics\" \/>\n<meta property=\"og:description\" content=\"Base Coat f\u00fcr eine lange Haltbarkeit und Schutz der N\u00e4gel vor Verf\u00e4rbungen\" \/>\n<meta property=\"og:url\" content=\"https:\/\/www.anny-cosmetics.com\/de\/produkt\/base-coat-ay10-910\/\" \/>\n<meta property=\"og:site_name\" content=\"ANNY Cosmetics\" \/>\n<meta property=\"article:publisher\" content=\"https:\/\/www.facebook.com\/Anny.cosmetics\/\" \/>\n<meta property=\"article:modified_time\" content=\"2026-02-18T15:22:34+00:00\" \/>\n<meta property=\"og:image\" content=\"https:\/\/www.anny-cosmetics.com\/app\/uploads\/2024\/06\/be3281b7f462944680cf3c93b597012d45a233cd_Website_format_JPG_A10.910_base_coat.jpg\" \/>\n\t<meta property=\"og:image:width\" content=\"2000\" \/>\n\t<meta property=\"og:image:height\" content=\"2000\" \/>\n\t<meta property=\"og:image:type\" content=\"image\/jpeg\" \/>\n<meta name=\"twitter:card\" content=\"summary_large_image\" \/>\n<script type=\"application\/ld+json\" class=\"yoast-schema-graph\">{\"@context\":\"https:\/\/schema.org\",\"@graph\":[{\"@type\":\"WebPage\",\"@id\":\"https:\/\/www.anny-cosmetics.com\/de\/produkt\/base-coat-ay10-910\/\",\"url\":\"https:\/\/www.anny-cosmetics.com\/de\/produkt\/base-coat-ay10-910\/\",\"name\":\"base coat - ANNY Cosmetics\",\"isPartOf\":{\"@id\":\"https:\/\/www.anny-cosmetics.com\/de\/#website\"},\"primaryImageOfPage\":{\"@id\":\"https:\/\/www.anny-cosmetics.com\/de\/produkt\/base-coat-ay10-910\/#primaryimage\"},\"image\":{\"@id\":\"https:\/\/www.anny-cosmetics.com\/de\/produkt\/base-coat-ay10-910\/#primaryimage\"},\"thumbnailUrl\":\"https:\/\/www.anny-cosmetics.com\/app\/uploads\/2024\/06\/be3281b7f462944680cf3c93b597012d45a233cd_Website_format_JPG_A10.910_base_coat.jpg\",\"datePublished\":\"2022-06-16T12:24:15+00:00\",\"dateModified\":\"2026-02-18T15:22:34+00:00\",\"description\":\"Base Coat f\u00fcr eine lange Haltbarkeit und Schutz der N\u00e4gel vor Verf\u00e4rbungen\",\"breadcrumb\":{\"@id\":\"https:\/\/www.anny-cosmetics.com\/de\/produkt\/base-coat-ay10-910\/#breadcrumb\"},\"inLanguage\":\"de-DE\",\"potentialAction\":[{\"@type\":\"ReadAction\",\"target\":[\"https:\/\/www.anny-cosmetics.com\/de\/produkt\/base-coat-ay10-910\/\"]}]},{\"@type\":\"ImageObject\",\"inLanguage\":\"de-DE\",\"@id\":\"https:\/\/www.anny-cosmetics.com\/de\/produkt\/base-coat-ay10-910\/#primaryimage\",\"url\":\"https:\/\/www.anny-cosmetics.com\/app\/uploads\/2024\/06\/be3281b7f462944680cf3c93b597012d45a233cd_Website_format_JPG_A10.910_base_coat.jpg\",\"contentUrl\":\"https:\/\/www.anny-cosmetics.com\/app\/uploads\/2024\/06\/be3281b7f462944680cf3c93b597012d45a233cd_Website_format_JPG_A10.910_base_coat.jpg\",\"width\":2000,\"height\":2000},{\"@type\":\"BreadcrumbList\",\"@id\":\"https:\/\/www.anny-cosmetics.com\/de\/produkt\/base-coat-ay10-910\/#breadcrumb\",\"itemListElement\":[{\"@type\":\"ListItem\",\"position\":1,\"name\":\"Home\",\"item\":\"https:\/\/www.anny-cosmetics.com\/de\/\"},{\"@type\":\"ListItem\",\"position\":2,\"name\":\"Shop\",\"item\":\"https:\/\/www.anny-cosmetics.com\/de\/shop\/\"},{\"@type\":\"ListItem\",\"position\":3,\"name\":\"base coat\"}]},{\"@type\":\"WebSite\",\"@id\":\"https:\/\/www.anny-cosmetics.com\/de\/#website\",\"url\":\"https:\/\/www.anny-cosmetics.com\/de\/\",\"name\":\"ANNY Cosmetics\",\"description\":\"\",\"potentialAction\":[{\"@type\":\"SearchAction\",\"target\":{\"@type\":\"EntryPoint\",\"urlTemplate\":\"https:\/\/www.anny-cosmetics.com\/de\/?s={search_term_string}\"},\"query-input\":{\"@type\":\"PropertyValueSpecification\",\"valueRequired\":true,\"valueName\":\"search_term_string\"}}],\"inLanguage\":\"de-DE\"}]}<\/script>\n<!-- \/ Yoast SEO plugin. -->","yoast_head_json":{"title":"base coat - ANNY Cosmetics","description":"Base Coat f\u00fcr eine lange Haltbarkeit und Schutz der N\u00e4gel vor Verf\u00e4rbungen","robots":{"index":"index","follow":"follow","max-snippet":"max-snippet:-1","max-image-preview":"max-image-preview:large","max-video-preview":"max-video-preview:-1"},"canonical":"https:\/\/www.anny-cosmetics.com\/de\/produkt\/base-coat-ay10-910\/","og_locale":"de_DE","og_type":"article","og_title":"base coat - ANNY Cosmetics","og_description":"Base Coat f\u00fcr eine lange Haltbarkeit und Schutz der N\u00e4gel vor Verf\u00e4rbungen","og_url":"https:\/\/www.anny-cosmetics.com\/de\/produkt\/base-coat-ay10-910\/","og_site_name":"ANNY Cosmetics","article_publisher":"https:\/\/www.facebook.com\/Anny.cosmetics\/","article_modified_time":"2026-02-18T15:22:34+00:00","og_image":[{"width":2000,"height":2000,"url":"https:\/\/www.anny-cosmetics.com\/app\/uploads\/2024\/06\/be3281b7f462944680cf3c93b597012d45a233cd_Website_format_JPG_A10.910_base_coat.jpg","type":"image\/jpeg"}],"twitter_card":"summary_large_image","schema":{"@context":"https:\/\/schema.org","@graph":[{"@type":"WebPage","@id":"https:\/\/www.anny-cosmetics.com\/de\/produkt\/base-coat-ay10-910\/","url":"https:\/\/www.anny-cosmetics.com\/de\/produkt\/base-coat-ay10-910\/","name":"base coat - ANNY Cosmetics","isPartOf":{"@id":"https:\/\/www.anny-cosmetics.com\/de\/#website"},"primaryImageOfPage":{"@id":"https:\/\/www.anny-cosmetics.com\/de\/produkt\/base-coat-ay10-910\/#primaryimage"},"image":{"@id":"https:\/\/www.anny-cosmetics.com\/de\/produkt\/base-coat-ay10-910\/#primaryimage"},"thumbnailUrl":"https:\/\/www.anny-cosmetics.com\/app\/uploads\/2024\/06\/be3281b7f462944680cf3c93b597012d45a233cd_Website_format_JPG_A10.910_base_coat.jpg","datePublished":"2022-06-16T12:24:15+00:00","dateModified":"2026-02-18T15:22:34+00:00","description":"Base Coat f\u00fcr eine lange Haltbarkeit und Schutz der N\u00e4gel vor Verf\u00e4rbungen","breadcrumb":{"@id":"https:\/\/www.anny-cosmetics.com\/de\/produkt\/base-coat-ay10-910\/#breadcrumb"},"inLanguage":"de-DE","potentialAction":[{"@type":"ReadAction","target":["https:\/\/www.anny-cosmetics.com\/de\/produkt\/base-coat-ay10-910\/"]}]},{"@type":"ImageObject","inLanguage":"de-DE","@id":"https:\/\/www.anny-cosmetics.com\/de\/produkt\/base-coat-ay10-910\/#primaryimage","url":"https:\/\/www.anny-cosmetics.com\/app\/uploads\/2024\/06\/be3281b7f462944680cf3c93b597012d45a233cd_Website_format_JPG_A10.910_base_coat.jpg","contentUrl":"https:\/\/www.anny-cosmetics.com\/app\/uploads\/2024\/06\/be3281b7f462944680cf3c93b597012d45a233cd_Website_format_JPG_A10.910_base_coat.jpg","width":2000,"height":2000},{"@type":"BreadcrumbList","@id":"https:\/\/www.anny-cosmetics.com\/de\/produkt\/base-coat-ay10-910\/#breadcrumb","itemListElement":[{"@type":"ListItem","position":1,"name":"Home","item":"https:\/\/www.anny-cosmetics.com\/de\/"},{"@type":"ListItem","position":2,"name":"Shop","item":"https:\/\/www.anny-cosmetics.com\/de\/shop\/"},{"@type":"ListItem","position":3,"name":"base coat"}]},{"@type":"WebSite","@id":"https:\/\/www.anny-cosmetics.com\/de\/#website","url":"https:\/\/www.anny-cosmetics.com\/de\/","name":"ANNY Cosmetics","description":"","potentialAction":[{"@type":"SearchAction","target":{"@type":"EntryPoint","urlTemplate":"https:\/\/www.anny-cosmetics.com\/de\/?s={search_term_string}"},"query-input":{"@type":"PropertyValueSpecification","valueRequired":true,"valueName":"search_term_string"}}],"inLanguage":"de-DE"}]}},"_links":{"self":[{"href":"https:\/\/www.anny-cosmetics.com\/de\/wp-json\/wp\/v2\/product\/14002","targetHints":{"allow":["GET"]}}],"collection":[{"href":"https:\/\/www.anny-cosmetics.com\/de\/wp-json\/wp\/v2\/product"}],"about":[{"href":"https:\/\/www.anny-cosmetics.com\/de\/wp-json\/wp\/v2\/types\/product"}],"replies":[{"embeddable":true,"href":"https:\/\/www.anny-cosmetics.com\/de\/wp-json\/wp\/v2\/comments?post=14002"}],"version-history":[{"count":14,"href":"https:\/\/www.anny-cosmetics.com\/de\/wp-json\/wp\/v2\/product\/14002\/revisions"}],"predecessor-version":[{"id":17527,"href":"https:\/\/www.anny-cosmetics.com\/de\/wp-json\/wp\/v2\/product\/14002\/revisions\/17527"}],"wp:featuredmedia":[{"embeddable":true,"href":"https:\/\/www.anny-cosmetics.com\/de\/wp-json\/wp\/v2\/media\/77750"}],"wp:attachment":[{"href":"https:\/\/www.anny-cosmetics.com\/de\/wp-json\/wp\/v2\/media?parent=14002"}],"wp:term":[{"taxonomy":"product_brand","embeddable":true,"href":"https:\/\/www.anny-cosmetics.com\/de\/wp-json\/wp\/v2\/product_brand?post=14002"},{"taxonomy":"product_cat","embeddable":true,"href":"https:\/\/www.anny-cosmetics.com\/de\/wp-json\/wp\/v2\/product_cat?post=14002"},{"taxonomy":"product_tag","embeddable":true,"href":"https:\/\/www.anny-cosmetics.com\/de\/wp-json\/wp\/v2\/product_tag?post=14002"}],"curies":[{"name":"wp","href":"https:\/\/api.w.org\/{rel}","templated":true}]}}