{"id":14006,"date":"2022-06-16T14:24:16","date_gmt":"2022-06-16T12:24:16","guid":{"rendered":"https:\/\/www.anny-cosmetics.com\/produkt\/no-more-yellow-nude-ay10-925\/"},"modified":"2026-02-18T16:22:35","modified_gmt":"2026-02-18T15:22:35","slug":"no-more-yellow-nude-ay10-925","status":"publish","type":"product","link":"https:\/\/www.anny-cosmetics.com\/de\/produkt\/no-more-yellow-nude-ay10-925\/","title":{"rendered":"no more yellow nude"},"content":{"rendered":"<p>Der schnelltrocknende, formaldehydfreie Effektlack in pastelligem Zartros\u00e9 hellt verf\u00e4rbte N\u00e4gel optisch auf und verleiht ihnen ein gesundes Aussehen und gepflegten Glanz. Die Formel l\u00e4sst sich gleichm\u00e4\u00dfig und streifenfrei auftragen und h\u00e4lt lange.<\/p>\n","protected":false},"excerpt":{"rendered":"<p>Speziallack zur optischen Aufhellung und ein gesundes Aussehen<\/p>\n","protected":false},"featured_media":77174,"comment_status":"open","ping_status":"closed","template":"","meta":[],"product_brand":[],"product_cat":[1547],"product_tag":[],"class_list":{"0":"post-14006","1":"product","2":"type-product","3":"status-publish","4":"has-post-thumbnail","6":"product_cat-uncategorized","9":"first","10":"instock","11":"shipping-taxable","12":"purchasable","13":"product-type-simple"},"yoast_head":"<!-- This site is optimized with the Yoast SEO plugin v25.7 - https:\/\/yoast.com\/wordpress\/plugins\/seo\/ -->\n<title>no more yellow nude - ANNY Cosmetics<\/title>\n<meta name=\"description\" content=\"Speziallack zur optischen Aufhellung und ein gesundes Aussehen\" \/>\n<meta name=\"robots\" content=\"index, follow, max-snippet:-1, max-image-preview:large, max-video-preview:-1\" \/>\n<link rel=\"canonical\" href=\"https:\/\/www.anny-cosmetics.com\/de\/produkt\/no-more-yellow-nude-ay10-925\/\" \/>\n<meta property=\"og:locale\" content=\"de_DE\" \/>\n<meta property=\"og:type\" content=\"article\" \/>\n<meta property=\"og:title\" content=\"no more yellow nude - ANNY Cosmetics\" \/>\n<meta property=\"og:description\" content=\"Speziallack zur optischen Aufhellung und ein gesundes Aussehen\" \/>\n<meta property=\"og:url\" content=\"https:\/\/www.anny-cosmetics.com\/de\/produkt\/no-more-yellow-nude-ay10-925\/\" \/>\n<meta property=\"og:site_name\" content=\"ANNY Cosmetics\" \/>\n<meta property=\"article:publisher\" content=\"https:\/\/www.facebook.com\/Anny.cosmetics\/\" \/>\n<meta property=\"article:modified_time\" content=\"2026-02-18T15:22:35+00:00\" \/>\n<meta property=\"og:image\" content=\"https:\/\/www.anny-cosmetics.com\/app\/uploads\/2024\/06\/e30349965e97012998e728f0bca5911355338925_Website_format_JPG_A10.925_no_more_yellow_nude.jpg\" \/>\n\t<meta property=\"og:image:width\" content=\"2000\" \/>\n\t<meta property=\"og:image:height\" content=\"2000\" \/>\n\t<meta property=\"og:image:type\" content=\"image\/jpeg\" \/>\n<meta name=\"twitter:card\" content=\"summary_large_image\" \/>\n<script type=\"application\/ld+json\" class=\"yoast-schema-graph\">{\"@context\":\"https:\/\/schema.org\",\"@graph\":[{\"@type\":\"WebPage\",\"@id\":\"https:\/\/www.anny-cosmetics.com\/de\/produkt\/no-more-yellow-nude-ay10-925\/\",\"url\":\"https:\/\/www.anny-cosmetics.com\/de\/produkt\/no-more-yellow-nude-ay10-925\/\",\"name\":\"no more yellow nude - ANNY Cosmetics\",\"isPartOf\":{\"@id\":\"https:\/\/www.anny-cosmetics.com\/de\/#website\"},\"primaryImageOfPage\":{\"@id\":\"https:\/\/www.anny-cosmetics.com\/de\/produkt\/no-more-yellow-nude-ay10-925\/#primaryimage\"},\"image\":{\"@id\":\"https:\/\/www.anny-cosmetics.com\/de\/produkt\/no-more-yellow-nude-ay10-925\/#primaryimage\"},\"thumbnailUrl\":\"https:\/\/www.anny-cosmetics.com\/app\/uploads\/2024\/06\/e30349965e97012998e728f0bca5911355338925_Website_format_JPG_A10.925_no_more_yellow_nude.jpg\",\"datePublished\":\"2022-06-16T12:24:16+00:00\",\"dateModified\":\"2026-02-18T15:22:35+00:00\",\"description\":\"Speziallack zur optischen Aufhellung und ein gesundes Aussehen\",\"breadcrumb\":{\"@id\":\"https:\/\/www.anny-cosmetics.com\/de\/produkt\/no-more-yellow-nude-ay10-925\/#breadcrumb\"},\"inLanguage\":\"de-DE\",\"potentialAction\":[{\"@type\":\"ReadAction\",\"target\":[\"https:\/\/www.anny-cosmetics.com\/de\/produkt\/no-more-yellow-nude-ay10-925\/\"]}]},{\"@type\":\"ImageObject\",\"inLanguage\":\"de-DE\",\"@id\":\"https:\/\/www.anny-cosmetics.com\/de\/produkt\/no-more-yellow-nude-ay10-925\/#primaryimage\",\"url\":\"https:\/\/www.anny-cosmetics.com\/app\/uploads\/2024\/06\/e30349965e97012998e728f0bca5911355338925_Website_format_JPG_A10.925_no_more_yellow_nude.jpg\",\"contentUrl\":\"https:\/\/www.anny-cosmetics.com\/app\/uploads\/2024\/06\/e30349965e97012998e728f0bca5911355338925_Website_format_JPG_A10.925_no_more_yellow_nude.jpg\",\"width\":2000,\"height\":2000},{\"@type\":\"BreadcrumbList\",\"@id\":\"https:\/\/www.anny-cosmetics.com\/de\/produkt\/no-more-yellow-nude-ay10-925\/#breadcrumb\",\"itemListElement\":[{\"@type\":\"ListItem\",\"position\":1,\"name\":\"Home\",\"item\":\"https:\/\/www.anny-cosmetics.com\/de\/\"},{\"@type\":\"ListItem\",\"position\":2,\"name\":\"Shop\",\"item\":\"https:\/\/www.anny-cosmetics.com\/de\/shop\/\"},{\"@type\":\"ListItem\",\"position\":3,\"name\":\"no more yellow nude\"}]},{\"@type\":\"WebSite\",\"@id\":\"https:\/\/www.anny-cosmetics.com\/de\/#website\",\"url\":\"https:\/\/www.anny-cosmetics.com\/de\/\",\"name\":\"ANNY Cosmetics\",\"description\":\"\",\"potentialAction\":[{\"@type\":\"SearchAction\",\"target\":{\"@type\":\"EntryPoint\",\"urlTemplate\":\"https:\/\/www.anny-cosmetics.com\/de\/?s={search_term_string}\"},\"query-input\":{\"@type\":\"PropertyValueSpecification\",\"valueRequired\":true,\"valueName\":\"search_term_string\"}}],\"inLanguage\":\"de-DE\"}]}<\/script>\n<!-- \/ Yoast SEO plugin. -->","yoast_head_json":{"title":"no more yellow nude - ANNY Cosmetics","description":"Speziallack zur optischen Aufhellung und ein gesundes Aussehen","robots":{"index":"index","follow":"follow","max-snippet":"max-snippet:-1","max-image-preview":"max-image-preview:large","max-video-preview":"max-video-preview:-1"},"canonical":"https:\/\/www.anny-cosmetics.com\/de\/produkt\/no-more-yellow-nude-ay10-925\/","og_locale":"de_DE","og_type":"article","og_title":"no more yellow nude - ANNY Cosmetics","og_description":"Speziallack zur optischen Aufhellung und ein gesundes Aussehen","og_url":"https:\/\/www.anny-cosmetics.com\/de\/produkt\/no-more-yellow-nude-ay10-925\/","og_site_name":"ANNY Cosmetics","article_publisher":"https:\/\/www.facebook.com\/Anny.cosmetics\/","article_modified_time":"2026-02-18T15:22:35+00:00","og_image":[{"width":2000,"height":2000,"url":"https:\/\/www.anny-cosmetics.com\/app\/uploads\/2024\/06\/e30349965e97012998e728f0bca5911355338925_Website_format_JPG_A10.925_no_more_yellow_nude.jpg","type":"image\/jpeg"}],"twitter_card":"summary_large_image","schema":{"@context":"https:\/\/schema.org","@graph":[{"@type":"WebPage","@id":"https:\/\/www.anny-cosmetics.com\/de\/produkt\/no-more-yellow-nude-ay10-925\/","url":"https:\/\/www.anny-cosmetics.com\/de\/produkt\/no-more-yellow-nude-ay10-925\/","name":"no more yellow nude - ANNY Cosmetics","isPartOf":{"@id":"https:\/\/www.anny-cosmetics.com\/de\/#website"},"primaryImageOfPage":{"@id":"https:\/\/www.anny-cosmetics.com\/de\/produkt\/no-more-yellow-nude-ay10-925\/#primaryimage"},"image":{"@id":"https:\/\/www.anny-cosmetics.com\/de\/produkt\/no-more-yellow-nude-ay10-925\/#primaryimage"},"thumbnailUrl":"https:\/\/www.anny-cosmetics.com\/app\/uploads\/2024\/06\/e30349965e97012998e728f0bca5911355338925_Website_format_JPG_A10.925_no_more_yellow_nude.jpg","datePublished":"2022-06-16T12:24:16+00:00","dateModified":"2026-02-18T15:22:35+00:00","description":"Speziallack zur optischen Aufhellung und ein gesundes Aussehen","breadcrumb":{"@id":"https:\/\/www.anny-cosmetics.com\/de\/produkt\/no-more-yellow-nude-ay10-925\/#breadcrumb"},"inLanguage":"de-DE","potentialAction":[{"@type":"ReadAction","target":["https:\/\/www.anny-cosmetics.com\/de\/produkt\/no-more-yellow-nude-ay10-925\/"]}]},{"@type":"ImageObject","inLanguage":"de-DE","@id":"https:\/\/www.anny-cosmetics.com\/de\/produkt\/no-more-yellow-nude-ay10-925\/#primaryimage","url":"https:\/\/www.anny-cosmetics.com\/app\/uploads\/2024\/06\/e30349965e97012998e728f0bca5911355338925_Website_format_JPG_A10.925_no_more_yellow_nude.jpg","contentUrl":"https:\/\/www.anny-cosmetics.com\/app\/uploads\/2024\/06\/e30349965e97012998e728f0bca5911355338925_Website_format_JPG_A10.925_no_more_yellow_nude.jpg","width":2000,"height":2000},{"@type":"BreadcrumbList","@id":"https:\/\/www.anny-cosmetics.com\/de\/produkt\/no-more-yellow-nude-ay10-925\/#breadcrumb","itemListElement":[{"@type":"ListItem","position":1,"name":"Home","item":"https:\/\/www.anny-cosmetics.com\/de\/"},{"@type":"ListItem","position":2,"name":"Shop","item":"https:\/\/www.anny-cosmetics.com\/de\/shop\/"},{"@type":"ListItem","position":3,"name":"no more yellow nude"}]},{"@type":"WebSite","@id":"https:\/\/www.anny-cosmetics.com\/de\/#website","url":"https:\/\/www.anny-cosmetics.com\/de\/","name":"ANNY Cosmetics","description":"","potentialAction":[{"@type":"SearchAction","target":{"@type":"EntryPoint","urlTemplate":"https:\/\/www.anny-cosmetics.com\/de\/?s={search_term_string}"},"query-input":{"@type":"PropertyValueSpecification","valueRequired":true,"valueName":"search_term_string"}}],"inLanguage":"de-DE"}]}},"_links":{"self":[{"href":"https:\/\/www.anny-cosmetics.com\/de\/wp-json\/wp\/v2\/product\/14006","targetHints":{"allow":["GET"]}}],"collection":[{"href":"https:\/\/www.anny-cosmetics.com\/de\/wp-json\/wp\/v2\/product"}],"about":[{"href":"https:\/\/www.anny-cosmetics.com\/de\/wp-json\/wp\/v2\/types\/product"}],"replies":[{"embeddable":true,"href":"https:\/\/www.anny-cosmetics.com\/de\/wp-json\/wp\/v2\/comments?post=14006"}],"version-history":[{"count":13,"href":"https:\/\/www.anny-cosmetics.com\/de\/wp-json\/wp\/v2\/product\/14006\/revisions"}],"predecessor-version":[{"id":17530,"href":"https:\/\/www.anny-cosmetics.com\/de\/wp-json\/wp\/v2\/product\/14006\/revisions\/17530"}],"wp:featuredmedia":[{"embeddable":true,"href":"https:\/\/www.anny-cosmetics.com\/de\/wp-json\/wp\/v2\/media\/77174"}],"wp:attachment":[{"href":"https:\/\/www.anny-cosmetics.com\/de\/wp-json\/wp\/v2\/media?parent=14006"}],"wp:term":[{"taxonomy":"product_brand","embeddable":true,"href":"https:\/\/www.anny-cosmetics.com\/de\/wp-json\/wp\/v2\/product_brand?post=14006"},{"taxonomy":"product_cat","embeddable":true,"href":"https:\/\/www.anny-cosmetics.com\/de\/wp-json\/wp\/v2\/product_cat?post=14006"},{"taxonomy":"product_tag","embeddable":true,"href":"https:\/\/www.anny-cosmetics.com\/de\/wp-json\/wp\/v2\/product_tag?post=14006"}],"curies":[{"name":"wp","href":"https:\/\/api.w.org\/{rel}","templated":true}]}}