{"id":14009,"date":"2022-06-16T14:24:17","date_gmt":"2022-06-16T12:24:17","guid":{"rendered":"https:\/\/www.anny-cosmetics.com\/produkt\/calcium-nail-attack-ay10-943\/"},"modified":"2026-02-18T16:21:16","modified_gmt":"2026-02-18T15:21:16","slug":"calcium-nail-attack-ay10-943","status":"publish","type":"product","link":"https:\/\/www.anny-cosmetics.com\/de\/produkt\/calcium-nail-attack-ay10-943\/","title":{"rendered":"calcium nail attack"},"content":{"rendered":"<p>Kr\u00e4ftigt d\u00fcnne und weiche N\u00e4gel, die Wirkstoffkombination unterst\u00fctzt gesundes Nagelwachstum. Es gibt den N\u00e4geln Schutz und mehr Stabilit\u00e4t und die N\u00e4gel erhalten ein gepflegtes Aussehen. Sch\u00fctzt als Unterlack vor gelblichen Verf\u00e4rbungen der N\u00e4gel bei Anwendung von Farblacken. Schnelltrocknend.<\/p>\n","protected":false},"excerpt":{"rendered":"<p>Speziallack f\u00fcr kr\u00e4ftigere N\u00e4gel<\/p>\n","protected":false},"featured_media":77366,"comment_status":"open","ping_status":"closed","template":"","meta":[],"product_brand":[],"product_cat":[1547],"product_tag":[],"class_list":{"0":"post-14009","1":"product","2":"type-product","3":"status-publish","4":"has-post-thumbnail","6":"product_cat-uncategorized","9":"first","10":"instock","11":"shipping-taxable","12":"purchasable","13":"product-type-simple"},"yoast_head":"<!-- This site is optimized with the Yoast SEO plugin v25.7 - https:\/\/yoast.com\/wordpress\/plugins\/seo\/ -->\n<title>calcium nail attack - ANNY Cosmetics<\/title>\n<meta name=\"description\" content=\"Speziallack f\u00fcr kr\u00e4ftigere N\u00e4gel\" \/>\n<meta name=\"robots\" content=\"index, follow, max-snippet:-1, max-image-preview:large, max-video-preview:-1\" \/>\n<link rel=\"canonical\" href=\"https:\/\/www.anny-cosmetics.com\/de\/produkt\/calcium-nail-attack-ay10-943\/\" \/>\n<meta property=\"og:locale\" content=\"de_DE\" \/>\n<meta property=\"og:type\" content=\"article\" \/>\n<meta property=\"og:title\" content=\"calcium nail attack - ANNY Cosmetics\" \/>\n<meta property=\"og:description\" content=\"Speziallack f\u00fcr kr\u00e4ftigere N\u00e4gel\" \/>\n<meta property=\"og:url\" content=\"https:\/\/www.anny-cosmetics.com\/de\/produkt\/calcium-nail-attack-ay10-943\/\" \/>\n<meta property=\"og:site_name\" content=\"ANNY Cosmetics\" \/>\n<meta property=\"article:publisher\" content=\"https:\/\/www.facebook.com\/Anny.cosmetics\/\" \/>\n<meta property=\"article:modified_time\" content=\"2026-02-18T15:21:16+00:00\" \/>\n<meta property=\"og:image\" content=\"https:\/\/www.anny-cosmetics.com\/app\/uploads\/2024\/06\/435309898f4ff348119ccae491e8f4e557947b6c_Website_format_JPG_A10.943_calcium_nail_attack.jpg\" \/>\n\t<meta property=\"og:image:width\" content=\"2000\" \/>\n\t<meta property=\"og:image:height\" content=\"2000\" \/>\n\t<meta property=\"og:image:type\" content=\"image\/jpeg\" \/>\n<meta name=\"twitter:card\" content=\"summary_large_image\" \/>\n<script type=\"application\/ld+json\" class=\"yoast-schema-graph\">{\"@context\":\"https:\/\/schema.org\",\"@graph\":[{\"@type\":\"WebPage\",\"@id\":\"https:\/\/www.anny-cosmetics.com\/de\/produkt\/calcium-nail-attack-ay10-943\/\",\"url\":\"https:\/\/www.anny-cosmetics.com\/de\/produkt\/calcium-nail-attack-ay10-943\/\",\"name\":\"calcium nail attack - ANNY Cosmetics\",\"isPartOf\":{\"@id\":\"https:\/\/www.anny-cosmetics.com\/de\/#website\"},\"primaryImageOfPage\":{\"@id\":\"https:\/\/www.anny-cosmetics.com\/de\/produkt\/calcium-nail-attack-ay10-943\/#primaryimage\"},\"image\":{\"@id\":\"https:\/\/www.anny-cosmetics.com\/de\/produkt\/calcium-nail-attack-ay10-943\/#primaryimage\"},\"thumbnailUrl\":\"https:\/\/www.anny-cosmetics.com\/app\/uploads\/2024\/06\/435309898f4ff348119ccae491e8f4e557947b6c_Website_format_JPG_A10.943_calcium_nail_attack.jpg\",\"datePublished\":\"2022-06-16T12:24:17+00:00\",\"dateModified\":\"2026-02-18T15:21:16+00:00\",\"description\":\"Speziallack f\u00fcr kr\u00e4ftigere N\u00e4gel\",\"breadcrumb\":{\"@id\":\"https:\/\/www.anny-cosmetics.com\/de\/produkt\/calcium-nail-attack-ay10-943\/#breadcrumb\"},\"inLanguage\":\"de-DE\",\"potentialAction\":[{\"@type\":\"ReadAction\",\"target\":[\"https:\/\/www.anny-cosmetics.com\/de\/produkt\/calcium-nail-attack-ay10-943\/\"]}]},{\"@type\":\"ImageObject\",\"inLanguage\":\"de-DE\",\"@id\":\"https:\/\/www.anny-cosmetics.com\/de\/produkt\/calcium-nail-attack-ay10-943\/#primaryimage\",\"url\":\"https:\/\/www.anny-cosmetics.com\/app\/uploads\/2024\/06\/435309898f4ff348119ccae491e8f4e557947b6c_Website_format_JPG_A10.943_calcium_nail_attack.jpg\",\"contentUrl\":\"https:\/\/www.anny-cosmetics.com\/app\/uploads\/2024\/06\/435309898f4ff348119ccae491e8f4e557947b6c_Website_format_JPG_A10.943_calcium_nail_attack.jpg\",\"width\":2000,\"height\":2000},{\"@type\":\"BreadcrumbList\",\"@id\":\"https:\/\/www.anny-cosmetics.com\/de\/produkt\/calcium-nail-attack-ay10-943\/#breadcrumb\",\"itemListElement\":[{\"@type\":\"ListItem\",\"position\":1,\"name\":\"Home\",\"item\":\"https:\/\/www.anny-cosmetics.com\/de\/\"},{\"@type\":\"ListItem\",\"position\":2,\"name\":\"Shop\",\"item\":\"https:\/\/www.anny-cosmetics.com\/de\/shop\/\"},{\"@type\":\"ListItem\",\"position\":3,\"name\":\"calcium nail attack\"}]},{\"@type\":\"WebSite\",\"@id\":\"https:\/\/www.anny-cosmetics.com\/de\/#website\",\"url\":\"https:\/\/www.anny-cosmetics.com\/de\/\",\"name\":\"ANNY Cosmetics\",\"description\":\"\",\"potentialAction\":[{\"@type\":\"SearchAction\",\"target\":{\"@type\":\"EntryPoint\",\"urlTemplate\":\"https:\/\/www.anny-cosmetics.com\/de\/?s={search_term_string}\"},\"query-input\":{\"@type\":\"PropertyValueSpecification\",\"valueRequired\":true,\"valueName\":\"search_term_string\"}}],\"inLanguage\":\"de-DE\"}]}<\/script>\n<!-- \/ Yoast SEO plugin. -->","yoast_head_json":{"title":"calcium nail attack - ANNY Cosmetics","description":"Speziallack f\u00fcr kr\u00e4ftigere N\u00e4gel","robots":{"index":"index","follow":"follow","max-snippet":"max-snippet:-1","max-image-preview":"max-image-preview:large","max-video-preview":"max-video-preview:-1"},"canonical":"https:\/\/www.anny-cosmetics.com\/de\/produkt\/calcium-nail-attack-ay10-943\/","og_locale":"de_DE","og_type":"article","og_title":"calcium nail attack - ANNY Cosmetics","og_description":"Speziallack f\u00fcr kr\u00e4ftigere N\u00e4gel","og_url":"https:\/\/www.anny-cosmetics.com\/de\/produkt\/calcium-nail-attack-ay10-943\/","og_site_name":"ANNY Cosmetics","article_publisher":"https:\/\/www.facebook.com\/Anny.cosmetics\/","article_modified_time":"2026-02-18T15:21:16+00:00","og_image":[{"width":2000,"height":2000,"url":"https:\/\/www.anny-cosmetics.com\/app\/uploads\/2024\/06\/435309898f4ff348119ccae491e8f4e557947b6c_Website_format_JPG_A10.943_calcium_nail_attack.jpg","type":"image\/jpeg"}],"twitter_card":"summary_large_image","schema":{"@context":"https:\/\/schema.org","@graph":[{"@type":"WebPage","@id":"https:\/\/www.anny-cosmetics.com\/de\/produkt\/calcium-nail-attack-ay10-943\/","url":"https:\/\/www.anny-cosmetics.com\/de\/produkt\/calcium-nail-attack-ay10-943\/","name":"calcium nail attack - ANNY Cosmetics","isPartOf":{"@id":"https:\/\/www.anny-cosmetics.com\/de\/#website"},"primaryImageOfPage":{"@id":"https:\/\/www.anny-cosmetics.com\/de\/produkt\/calcium-nail-attack-ay10-943\/#primaryimage"},"image":{"@id":"https:\/\/www.anny-cosmetics.com\/de\/produkt\/calcium-nail-attack-ay10-943\/#primaryimage"},"thumbnailUrl":"https:\/\/www.anny-cosmetics.com\/app\/uploads\/2024\/06\/435309898f4ff348119ccae491e8f4e557947b6c_Website_format_JPG_A10.943_calcium_nail_attack.jpg","datePublished":"2022-06-16T12:24:17+00:00","dateModified":"2026-02-18T15:21:16+00:00","description":"Speziallack f\u00fcr kr\u00e4ftigere N\u00e4gel","breadcrumb":{"@id":"https:\/\/www.anny-cosmetics.com\/de\/produkt\/calcium-nail-attack-ay10-943\/#breadcrumb"},"inLanguage":"de-DE","potentialAction":[{"@type":"ReadAction","target":["https:\/\/www.anny-cosmetics.com\/de\/produkt\/calcium-nail-attack-ay10-943\/"]}]},{"@type":"ImageObject","inLanguage":"de-DE","@id":"https:\/\/www.anny-cosmetics.com\/de\/produkt\/calcium-nail-attack-ay10-943\/#primaryimage","url":"https:\/\/www.anny-cosmetics.com\/app\/uploads\/2024\/06\/435309898f4ff348119ccae491e8f4e557947b6c_Website_format_JPG_A10.943_calcium_nail_attack.jpg","contentUrl":"https:\/\/www.anny-cosmetics.com\/app\/uploads\/2024\/06\/435309898f4ff348119ccae491e8f4e557947b6c_Website_format_JPG_A10.943_calcium_nail_attack.jpg","width":2000,"height":2000},{"@type":"BreadcrumbList","@id":"https:\/\/www.anny-cosmetics.com\/de\/produkt\/calcium-nail-attack-ay10-943\/#breadcrumb","itemListElement":[{"@type":"ListItem","position":1,"name":"Home","item":"https:\/\/www.anny-cosmetics.com\/de\/"},{"@type":"ListItem","position":2,"name":"Shop","item":"https:\/\/www.anny-cosmetics.com\/de\/shop\/"},{"@type":"ListItem","position":3,"name":"calcium nail attack"}]},{"@type":"WebSite","@id":"https:\/\/www.anny-cosmetics.com\/de\/#website","url":"https:\/\/www.anny-cosmetics.com\/de\/","name":"ANNY Cosmetics","description":"","potentialAction":[{"@type":"SearchAction","target":{"@type":"EntryPoint","urlTemplate":"https:\/\/www.anny-cosmetics.com\/de\/?s={search_term_string}"},"query-input":{"@type":"PropertyValueSpecification","valueRequired":true,"valueName":"search_term_string"}}],"inLanguage":"de-DE"}]}},"_links":{"self":[{"href":"https:\/\/www.anny-cosmetics.com\/de\/wp-json\/wp\/v2\/product\/14009","targetHints":{"allow":["GET"]}}],"collection":[{"href":"https:\/\/www.anny-cosmetics.com\/de\/wp-json\/wp\/v2\/product"}],"about":[{"href":"https:\/\/www.anny-cosmetics.com\/de\/wp-json\/wp\/v2\/types\/product"}],"replies":[{"embeddable":true,"href":"https:\/\/www.anny-cosmetics.com\/de\/wp-json\/wp\/v2\/comments?post=14009"}],"version-history":[{"count":13,"href":"https:\/\/www.anny-cosmetics.com\/de\/wp-json\/wp\/v2\/product\/14009\/revisions"}],"predecessor-version":[{"id":17534,"href":"https:\/\/www.anny-cosmetics.com\/de\/wp-json\/wp\/v2\/product\/14009\/revisions\/17534"}],"wp:featuredmedia":[{"embeddable":true,"href":"https:\/\/www.anny-cosmetics.com\/de\/wp-json\/wp\/v2\/media\/77366"}],"wp:attachment":[{"href":"https:\/\/www.anny-cosmetics.com\/de\/wp-json\/wp\/v2\/media?parent=14009"}],"wp:term":[{"taxonomy":"product_brand","embeddable":true,"href":"https:\/\/www.anny-cosmetics.com\/de\/wp-json\/wp\/v2\/product_brand?post=14009"},{"taxonomy":"product_cat","embeddable":true,"href":"https:\/\/www.anny-cosmetics.com\/de\/wp-json\/wp\/v2\/product_cat?post=14009"},{"taxonomy":"product_tag","embeddable":true,"href":"https:\/\/www.anny-cosmetics.com\/de\/wp-json\/wp\/v2\/product_tag?post=14009"}],"curies":[{"name":"wp","href":"https:\/\/api.w.org\/{rel}","templated":true}]}}