{"id":25011,"date":"2022-08-09T10:16:40","date_gmt":"2022-08-09T08:16:40","guid":{"rendered":"https:\/\/www.anny-cosmetics.com\/produkt\/vitamin-booster-ay10-948-2\/"},"modified":"2026-02-18T16:21:22","modified_gmt":"2026-02-18T15:21:22","slug":"vitamin-booster-ay10-948","status":"publish","type":"product","link":"https:\/\/www.anny-cosmetics.com\/de\/produkt\/vitamin-booster-ay10-948\/","title":{"rendered":"vitamin booster"},"content":{"rendered":"<p>Der Pflegelack f\u00fcr trockene und splitternde N\u00e4gel enth\u00e4lt Vitamin E, Vitamin B5 sowie Argan\u00f6l und sorgt somit f\u00fcr gesunde, regenerierte und elastische N\u00e4gel, die nicht brechen. Der Vitamincocktail spendet Feuchtigkeit und gibt den N\u00e4geln ihre Geschmeidigkeit zur\u00fcck. Bei Verwendung als Unterlack f\u00fcr Farblacke sch\u00fctzt er vor gelblichen Verf\u00e4rbungen der N\u00e4gel. Bei Verwendung als Klarlack verleiht der schnelltrocknende Lack den N\u00e4geln einen attraktiven Glanz.<\/p>\n<div><\/div>\n<p>Enth\u00e4lt Vitamin A. Ber\u00fccksichtigen Sie Ihre t\u00e4gliche Aufnahme vor der Anwendung.<\/p>\n","protected":false},"excerpt":{"rendered":"<p>Sch\u00fctzt vor dem Splittern und Brechen der N\u00e4gel<\/p>\n","protected":false},"featured_media":77462,"comment_status":"open","ping_status":"closed","template":"","meta":[],"product_brand":[],"product_cat":[1547],"product_tag":[],"class_list":{"0":"post-25011","1":"product","2":"type-product","3":"status-publish","4":"has-post-thumbnail","6":"product_cat-uncategorized","9":"first","10":"instock","11":"shipping-taxable","12":"purchasable","13":"product-type-simple"},"yoast_head":"<!-- This site is optimized with the Yoast SEO plugin v25.7 - https:\/\/yoast.com\/wordpress\/plugins\/seo\/ -->\n<title>vitamin booster - ANNY Cosmetics<\/title>\n<meta name=\"description\" content=\"Sch\u00fctzt vor dem Splittern und Brechen der N\u00e4gel\" \/>\n<meta name=\"robots\" content=\"index, follow, max-snippet:-1, max-image-preview:large, max-video-preview:-1\" \/>\n<link rel=\"canonical\" href=\"https:\/\/www.anny-cosmetics.com\/de\/produkt\/vitamin-booster-ay10-948\/\" \/>\n<meta property=\"og:locale\" content=\"de_DE\" \/>\n<meta property=\"og:type\" content=\"article\" \/>\n<meta property=\"og:title\" content=\"vitamin booster - ANNY Cosmetics\" \/>\n<meta property=\"og:description\" content=\"Sch\u00fctzt vor dem Splittern und Brechen der N\u00e4gel\" \/>\n<meta property=\"og:url\" content=\"https:\/\/www.anny-cosmetics.com\/de\/produkt\/vitamin-booster-ay10-948\/\" \/>\n<meta property=\"og:site_name\" content=\"ANNY Cosmetics\" \/>\n<meta property=\"article:publisher\" content=\"https:\/\/www.facebook.com\/Anny.cosmetics\/\" \/>\n<meta property=\"article:modified_time\" content=\"2026-02-18T15:21:22+00:00\" \/>\n<meta property=\"og:image\" content=\"https:\/\/www.anny-cosmetics.com\/app\/uploads\/2024\/06\/bfa49e93d9cf4083eb9c131fb2190ba70bd88165_Website_format_JPG_A10.948_vitamin_booster.jpg\" \/>\n\t<meta property=\"og:image:width\" content=\"2000\" \/>\n\t<meta property=\"og:image:height\" content=\"2000\" \/>\n\t<meta property=\"og:image:type\" content=\"image\/jpeg\" \/>\n<meta name=\"twitter:card\" content=\"summary_large_image\" \/>\n<script type=\"application\/ld+json\" class=\"yoast-schema-graph\">{\"@context\":\"https:\/\/schema.org\",\"@graph\":[{\"@type\":\"WebPage\",\"@id\":\"https:\/\/www.anny-cosmetics.com\/de\/produkt\/vitamin-booster-ay10-948\/\",\"url\":\"https:\/\/www.anny-cosmetics.com\/de\/produkt\/vitamin-booster-ay10-948\/\",\"name\":\"vitamin booster - ANNY Cosmetics\",\"isPartOf\":{\"@id\":\"https:\/\/www.anny-cosmetics.com\/de\/#website\"},\"primaryImageOfPage\":{\"@id\":\"https:\/\/www.anny-cosmetics.com\/de\/produkt\/vitamin-booster-ay10-948\/#primaryimage\"},\"image\":{\"@id\":\"https:\/\/www.anny-cosmetics.com\/de\/produkt\/vitamin-booster-ay10-948\/#primaryimage\"},\"thumbnailUrl\":\"https:\/\/www.anny-cosmetics.com\/app\/uploads\/2024\/06\/bfa49e93d9cf4083eb9c131fb2190ba70bd88165_Website_format_JPG_A10.948_vitamin_booster.jpg\",\"datePublished\":\"2022-08-09T08:16:40+00:00\",\"dateModified\":\"2026-02-18T15:21:22+00:00\",\"description\":\"Sch\u00fctzt vor dem Splittern und Brechen der N\u00e4gel\",\"breadcrumb\":{\"@id\":\"https:\/\/www.anny-cosmetics.com\/de\/produkt\/vitamin-booster-ay10-948\/#breadcrumb\"},\"inLanguage\":\"de-DE\",\"potentialAction\":[{\"@type\":\"ReadAction\",\"target\":[\"https:\/\/www.anny-cosmetics.com\/de\/produkt\/vitamin-booster-ay10-948\/\"]}]},{\"@type\":\"ImageObject\",\"inLanguage\":\"de-DE\",\"@id\":\"https:\/\/www.anny-cosmetics.com\/de\/produkt\/vitamin-booster-ay10-948\/#primaryimage\",\"url\":\"https:\/\/www.anny-cosmetics.com\/app\/uploads\/2024\/06\/bfa49e93d9cf4083eb9c131fb2190ba70bd88165_Website_format_JPG_A10.948_vitamin_booster.jpg\",\"contentUrl\":\"https:\/\/www.anny-cosmetics.com\/app\/uploads\/2024\/06\/bfa49e93d9cf4083eb9c131fb2190ba70bd88165_Website_format_JPG_A10.948_vitamin_booster.jpg\",\"width\":2000,\"height\":2000},{\"@type\":\"BreadcrumbList\",\"@id\":\"https:\/\/www.anny-cosmetics.com\/de\/produkt\/vitamin-booster-ay10-948\/#breadcrumb\",\"itemListElement\":[{\"@type\":\"ListItem\",\"position\":1,\"name\":\"Home\",\"item\":\"https:\/\/www.anny-cosmetics.com\/de\/\"},{\"@type\":\"ListItem\",\"position\":2,\"name\":\"Shop\",\"item\":\"https:\/\/www.anny-cosmetics.com\/de\/shop\/\"},{\"@type\":\"ListItem\",\"position\":3,\"name\":\"vitamin booster\"}]},{\"@type\":\"WebSite\",\"@id\":\"https:\/\/www.anny-cosmetics.com\/de\/#website\",\"url\":\"https:\/\/www.anny-cosmetics.com\/de\/\",\"name\":\"ANNY Cosmetics\",\"description\":\"\",\"potentialAction\":[{\"@type\":\"SearchAction\",\"target\":{\"@type\":\"EntryPoint\",\"urlTemplate\":\"https:\/\/www.anny-cosmetics.com\/de\/?s={search_term_string}\"},\"query-input\":{\"@type\":\"PropertyValueSpecification\",\"valueRequired\":true,\"valueName\":\"search_term_string\"}}],\"inLanguage\":\"de-DE\"}]}<\/script>\n<!-- \/ Yoast SEO plugin. -->","yoast_head_json":{"title":"vitamin booster - ANNY Cosmetics","description":"Sch\u00fctzt vor dem Splittern und Brechen der N\u00e4gel","robots":{"index":"index","follow":"follow","max-snippet":"max-snippet:-1","max-image-preview":"max-image-preview:large","max-video-preview":"max-video-preview:-1"},"canonical":"https:\/\/www.anny-cosmetics.com\/de\/produkt\/vitamin-booster-ay10-948\/","og_locale":"de_DE","og_type":"article","og_title":"vitamin booster - ANNY Cosmetics","og_description":"Sch\u00fctzt vor dem Splittern und Brechen der N\u00e4gel","og_url":"https:\/\/www.anny-cosmetics.com\/de\/produkt\/vitamin-booster-ay10-948\/","og_site_name":"ANNY Cosmetics","article_publisher":"https:\/\/www.facebook.com\/Anny.cosmetics\/","article_modified_time":"2026-02-18T15:21:22+00:00","og_image":[{"width":2000,"height":2000,"url":"https:\/\/www.anny-cosmetics.com\/app\/uploads\/2024\/06\/bfa49e93d9cf4083eb9c131fb2190ba70bd88165_Website_format_JPG_A10.948_vitamin_booster.jpg","type":"image\/jpeg"}],"twitter_card":"summary_large_image","schema":{"@context":"https:\/\/schema.org","@graph":[{"@type":"WebPage","@id":"https:\/\/www.anny-cosmetics.com\/de\/produkt\/vitamin-booster-ay10-948\/","url":"https:\/\/www.anny-cosmetics.com\/de\/produkt\/vitamin-booster-ay10-948\/","name":"vitamin booster - ANNY Cosmetics","isPartOf":{"@id":"https:\/\/www.anny-cosmetics.com\/de\/#website"},"primaryImageOfPage":{"@id":"https:\/\/www.anny-cosmetics.com\/de\/produkt\/vitamin-booster-ay10-948\/#primaryimage"},"image":{"@id":"https:\/\/www.anny-cosmetics.com\/de\/produkt\/vitamin-booster-ay10-948\/#primaryimage"},"thumbnailUrl":"https:\/\/www.anny-cosmetics.com\/app\/uploads\/2024\/06\/bfa49e93d9cf4083eb9c131fb2190ba70bd88165_Website_format_JPG_A10.948_vitamin_booster.jpg","datePublished":"2022-08-09T08:16:40+00:00","dateModified":"2026-02-18T15:21:22+00:00","description":"Sch\u00fctzt vor dem Splittern und Brechen der N\u00e4gel","breadcrumb":{"@id":"https:\/\/www.anny-cosmetics.com\/de\/produkt\/vitamin-booster-ay10-948\/#breadcrumb"},"inLanguage":"de-DE","potentialAction":[{"@type":"ReadAction","target":["https:\/\/www.anny-cosmetics.com\/de\/produkt\/vitamin-booster-ay10-948\/"]}]},{"@type":"ImageObject","inLanguage":"de-DE","@id":"https:\/\/www.anny-cosmetics.com\/de\/produkt\/vitamin-booster-ay10-948\/#primaryimage","url":"https:\/\/www.anny-cosmetics.com\/app\/uploads\/2024\/06\/bfa49e93d9cf4083eb9c131fb2190ba70bd88165_Website_format_JPG_A10.948_vitamin_booster.jpg","contentUrl":"https:\/\/www.anny-cosmetics.com\/app\/uploads\/2024\/06\/bfa49e93d9cf4083eb9c131fb2190ba70bd88165_Website_format_JPG_A10.948_vitamin_booster.jpg","width":2000,"height":2000},{"@type":"BreadcrumbList","@id":"https:\/\/www.anny-cosmetics.com\/de\/produkt\/vitamin-booster-ay10-948\/#breadcrumb","itemListElement":[{"@type":"ListItem","position":1,"name":"Home","item":"https:\/\/www.anny-cosmetics.com\/de\/"},{"@type":"ListItem","position":2,"name":"Shop","item":"https:\/\/www.anny-cosmetics.com\/de\/shop\/"},{"@type":"ListItem","position":3,"name":"vitamin booster"}]},{"@type":"WebSite","@id":"https:\/\/www.anny-cosmetics.com\/de\/#website","url":"https:\/\/www.anny-cosmetics.com\/de\/","name":"ANNY Cosmetics","description":"","potentialAction":[{"@type":"SearchAction","target":{"@type":"EntryPoint","urlTemplate":"https:\/\/www.anny-cosmetics.com\/de\/?s={search_term_string}"},"query-input":{"@type":"PropertyValueSpecification","valueRequired":true,"valueName":"search_term_string"}}],"inLanguage":"de-DE"}]}},"_links":{"self":[{"href":"https:\/\/www.anny-cosmetics.com\/de\/wp-json\/wp\/v2\/product\/25011","targetHints":{"allow":["GET"]}}],"collection":[{"href":"https:\/\/www.anny-cosmetics.com\/de\/wp-json\/wp\/v2\/product"}],"about":[{"href":"https:\/\/www.anny-cosmetics.com\/de\/wp-json\/wp\/v2\/types\/product"}],"replies":[{"embeddable":true,"href":"https:\/\/www.anny-cosmetics.com\/de\/wp-json\/wp\/v2\/comments?post=25011"}],"version-history":[{"count":8,"href":"https:\/\/www.anny-cosmetics.com\/de\/wp-json\/wp\/v2\/product\/25011\/revisions"}],"predecessor-version":[{"id":91972,"href":"https:\/\/www.anny-cosmetics.com\/de\/wp-json\/wp\/v2\/product\/25011\/revisions\/91972"}],"wp:featuredmedia":[{"embeddable":true,"href":"https:\/\/www.anny-cosmetics.com\/de\/wp-json\/wp\/v2\/media\/77462"}],"wp:attachment":[{"href":"https:\/\/www.anny-cosmetics.com\/de\/wp-json\/wp\/v2\/media?parent=25011"}],"wp:term":[{"taxonomy":"product_brand","embeddable":true,"href":"https:\/\/www.anny-cosmetics.com\/de\/wp-json\/wp\/v2\/product_brand?post=25011"},{"taxonomy":"product_cat","embeddable":true,"href":"https:\/\/www.anny-cosmetics.com\/de\/wp-json\/wp\/v2\/product_cat?post=25011"},{"taxonomy":"product_tag","embeddable":true,"href":"https:\/\/www.anny-cosmetics.com\/de\/wp-json\/wp\/v2\/product_tag?post=25011"}],"curies":[{"name":"wp","href":"https:\/\/api.w.org\/{rel}","templated":true}]}}