{"id":27899,"date":"2022-09-07T10:31:03","date_gmt":"2022-09-07T08:31:03","guid":{"rendered":"https:\/\/www.anny-cosmetics.com\/product\/6-in-1-ay10-950\/"},"modified":"2026-02-18T16:21:43","modified_gmt":"2026-02-18T15:21:43","slug":"6-in-1-ay10-950","status":"publish","type":"product","link":"https:\/\/www.anny-cosmetics.com\/de\/produkt\/6-in-1-ay10-950\/","title":{"rendered":"6 in 1"},"content":{"rendered":"<p>Hocheffizienter 6in1 Klarlack in Profiqualit\u00e4t, der folgende sechs Eigenschaften in sich vereint:<\/p>\n<ul>\n<li>Ridgefiller: Durch seine Konsistenz verleiht\u00a0 der \u201esix in one\u201c dem Nagel eine gleichm\u00e4\u00dfig ebene Oberfl\u00e4che und gleicht Rillen in der Nagelplatte aus.<\/li>\n<li>Nail Strengthener: Ein splitterresistenter, verst\u00e4rkender Schutzfilm schenkt dem Nagel extra Stabilit\u00e4t.<\/li>\n<li>Base Coat: Beugt als Unterlack von Farblacken Verf\u00e4rbungen der Naturn\u00e4gel vor.<\/li>\n<li>Top Coat: Als \u00dcberlack sch\u00fctzt er den Farblack und sorgt f\u00fcr ultralangen Halt, zwischendurch angewendet wirkt er farbauffrischend.<\/li>\n<li>High Gloss: schenkt jedem Nagelmakeup brillanten, multidimensionalen Hochglanz.<\/li>\n<li>Quick Dry: Schnelltrocknend.<\/li>\n<\/ul>\n","protected":false},"excerpt":{"rendered":"<p>Klarlack mit sechs Eigenschaften<\/p>\n","protected":false},"featured_media":27914,"comment_status":"open","ping_status":"closed","template":"","meta":[],"product_brand":[],"product_cat":[1606],"product_tag":[],"class_list":{"0":"post-27899","1":"product","2":"type-product","3":"status-publish","4":"has-post-thumbnail","6":"product_cat-base-top-coat","9":"first","10":"instock","11":"shipping-taxable","12":"purchasable","13":"product-type-simple"},"yoast_head":"<!-- This site is optimized with the Yoast SEO plugin v25.7 - https:\/\/yoast.com\/wordpress\/plugins\/seo\/ -->\n<title>6 in 1 - ANNY Cosmetics<\/title>\n<meta name=\"description\" content=\"Klarlack mit sechs Eigenschaften\" \/>\n<meta name=\"robots\" content=\"index, follow, max-snippet:-1, max-image-preview:large, max-video-preview:-1\" \/>\n<link rel=\"canonical\" href=\"https:\/\/www.anny-cosmetics.com\/de\/produkt\/6-in-1-ay10-950\/\" \/>\n<meta property=\"og:locale\" content=\"de_DE\" \/>\n<meta property=\"og:type\" content=\"article\" \/>\n<meta property=\"og:title\" content=\"6 in 1 - ANNY Cosmetics\" \/>\n<meta property=\"og:description\" content=\"Klarlack mit sechs Eigenschaften\" \/>\n<meta property=\"og:url\" content=\"https:\/\/www.anny-cosmetics.com\/de\/produkt\/6-in-1-ay10-950\/\" \/>\n<meta property=\"og:site_name\" content=\"ANNY Cosmetics\" \/>\n<meta property=\"article:publisher\" content=\"https:\/\/www.facebook.com\/Anny.cosmetics\/\" \/>\n<meta property=\"article:modified_time\" content=\"2026-02-18T15:21:43+00:00\" \/>\n<meta property=\"og:image\" content=\"https:\/\/www.anny-cosmetics.com\/app\/uploads\/2022\/09\/8ae49af6845131bfecb4457ccb1fc377a1b33eff_Website_format_JPG_A10.950_6in1.jpg\" \/>\n\t<meta property=\"og:image:width\" content=\"2000\" \/>\n\t<meta property=\"og:image:height\" content=\"2000\" \/>\n\t<meta property=\"og:image:type\" content=\"image\/jpeg\" \/>\n<meta name=\"twitter:card\" content=\"summary_large_image\" \/>\n<script type=\"application\/ld+json\" class=\"yoast-schema-graph\">{\"@context\":\"https:\/\/schema.org\",\"@graph\":[{\"@type\":\"WebPage\",\"@id\":\"https:\/\/www.anny-cosmetics.com\/de\/produkt\/6-in-1-ay10-950\/\",\"url\":\"https:\/\/www.anny-cosmetics.com\/de\/produkt\/6-in-1-ay10-950\/\",\"name\":\"6 in 1 - ANNY Cosmetics\",\"isPartOf\":{\"@id\":\"https:\/\/www.anny-cosmetics.com\/de\/#website\"},\"primaryImageOfPage\":{\"@id\":\"https:\/\/www.anny-cosmetics.com\/de\/produkt\/6-in-1-ay10-950\/#primaryimage\"},\"image\":{\"@id\":\"https:\/\/www.anny-cosmetics.com\/de\/produkt\/6-in-1-ay10-950\/#primaryimage\"},\"thumbnailUrl\":\"https:\/\/www.anny-cosmetics.com\/app\/uploads\/2022\/09\/8ae49af6845131bfecb4457ccb1fc377a1b33eff_Website_format_JPG_A10.950_6in1.jpg\",\"datePublished\":\"2022-09-07T08:31:03+00:00\",\"dateModified\":\"2026-02-18T15:21:43+00:00\",\"description\":\"Klarlack mit sechs Eigenschaften\",\"breadcrumb\":{\"@id\":\"https:\/\/www.anny-cosmetics.com\/de\/produkt\/6-in-1-ay10-950\/#breadcrumb\"},\"inLanguage\":\"de-DE\",\"potentialAction\":[{\"@type\":\"ReadAction\",\"target\":[\"https:\/\/www.anny-cosmetics.com\/de\/produkt\/6-in-1-ay10-950\/\"]}]},{\"@type\":\"ImageObject\",\"inLanguage\":\"de-DE\",\"@id\":\"https:\/\/www.anny-cosmetics.com\/de\/produkt\/6-in-1-ay10-950\/#primaryimage\",\"url\":\"https:\/\/www.anny-cosmetics.com\/app\/uploads\/2022\/09\/8ae49af6845131bfecb4457ccb1fc377a1b33eff_Website_format_JPG_A10.950_6in1.jpg\",\"contentUrl\":\"https:\/\/www.anny-cosmetics.com\/app\/uploads\/2022\/09\/8ae49af6845131bfecb4457ccb1fc377a1b33eff_Website_format_JPG_A10.950_6in1.jpg\",\"width\":2000,\"height\":2000},{\"@type\":\"BreadcrumbList\",\"@id\":\"https:\/\/www.anny-cosmetics.com\/de\/produkt\/6-in-1-ay10-950\/#breadcrumb\",\"itemListElement\":[{\"@type\":\"ListItem\",\"position\":1,\"name\":\"Home\",\"item\":\"https:\/\/www.anny-cosmetics.com\/de\/\"},{\"@type\":\"ListItem\",\"position\":2,\"name\":\"Shop\",\"item\":\"https:\/\/www.anny-cosmetics.com\/de\/shop\/\"},{\"@type\":\"ListItem\",\"position\":3,\"name\":\"6 in 1\"}]},{\"@type\":\"WebSite\",\"@id\":\"https:\/\/www.anny-cosmetics.com\/de\/#website\",\"url\":\"https:\/\/www.anny-cosmetics.com\/de\/\",\"name\":\"ANNY Cosmetics\",\"description\":\"\",\"potentialAction\":[{\"@type\":\"SearchAction\",\"target\":{\"@type\":\"EntryPoint\",\"urlTemplate\":\"https:\/\/www.anny-cosmetics.com\/de\/?s={search_term_string}\"},\"query-input\":{\"@type\":\"PropertyValueSpecification\",\"valueRequired\":true,\"valueName\":\"search_term_string\"}}],\"inLanguage\":\"de-DE\"}]}<\/script>\n<!-- \/ Yoast SEO plugin. -->","yoast_head_json":{"title":"6 in 1 - ANNY Cosmetics","description":"Klarlack mit sechs Eigenschaften","robots":{"index":"index","follow":"follow","max-snippet":"max-snippet:-1","max-image-preview":"max-image-preview:large","max-video-preview":"max-video-preview:-1"},"canonical":"https:\/\/www.anny-cosmetics.com\/de\/produkt\/6-in-1-ay10-950\/","og_locale":"de_DE","og_type":"article","og_title":"6 in 1 - ANNY Cosmetics","og_description":"Klarlack mit sechs Eigenschaften","og_url":"https:\/\/www.anny-cosmetics.com\/de\/produkt\/6-in-1-ay10-950\/","og_site_name":"ANNY Cosmetics","article_publisher":"https:\/\/www.facebook.com\/Anny.cosmetics\/","article_modified_time":"2026-02-18T15:21:43+00:00","og_image":[{"width":2000,"height":2000,"url":"https:\/\/www.anny-cosmetics.com\/app\/uploads\/2022\/09\/8ae49af6845131bfecb4457ccb1fc377a1b33eff_Website_format_JPG_A10.950_6in1.jpg","type":"image\/jpeg"}],"twitter_card":"summary_large_image","schema":{"@context":"https:\/\/schema.org","@graph":[{"@type":"WebPage","@id":"https:\/\/www.anny-cosmetics.com\/de\/produkt\/6-in-1-ay10-950\/","url":"https:\/\/www.anny-cosmetics.com\/de\/produkt\/6-in-1-ay10-950\/","name":"6 in 1 - ANNY Cosmetics","isPartOf":{"@id":"https:\/\/www.anny-cosmetics.com\/de\/#website"},"primaryImageOfPage":{"@id":"https:\/\/www.anny-cosmetics.com\/de\/produkt\/6-in-1-ay10-950\/#primaryimage"},"image":{"@id":"https:\/\/www.anny-cosmetics.com\/de\/produkt\/6-in-1-ay10-950\/#primaryimage"},"thumbnailUrl":"https:\/\/www.anny-cosmetics.com\/app\/uploads\/2022\/09\/8ae49af6845131bfecb4457ccb1fc377a1b33eff_Website_format_JPG_A10.950_6in1.jpg","datePublished":"2022-09-07T08:31:03+00:00","dateModified":"2026-02-18T15:21:43+00:00","description":"Klarlack mit sechs Eigenschaften","breadcrumb":{"@id":"https:\/\/www.anny-cosmetics.com\/de\/produkt\/6-in-1-ay10-950\/#breadcrumb"},"inLanguage":"de-DE","potentialAction":[{"@type":"ReadAction","target":["https:\/\/www.anny-cosmetics.com\/de\/produkt\/6-in-1-ay10-950\/"]}]},{"@type":"ImageObject","inLanguage":"de-DE","@id":"https:\/\/www.anny-cosmetics.com\/de\/produkt\/6-in-1-ay10-950\/#primaryimage","url":"https:\/\/www.anny-cosmetics.com\/app\/uploads\/2022\/09\/8ae49af6845131bfecb4457ccb1fc377a1b33eff_Website_format_JPG_A10.950_6in1.jpg","contentUrl":"https:\/\/www.anny-cosmetics.com\/app\/uploads\/2022\/09\/8ae49af6845131bfecb4457ccb1fc377a1b33eff_Website_format_JPG_A10.950_6in1.jpg","width":2000,"height":2000},{"@type":"BreadcrumbList","@id":"https:\/\/www.anny-cosmetics.com\/de\/produkt\/6-in-1-ay10-950\/#breadcrumb","itemListElement":[{"@type":"ListItem","position":1,"name":"Home","item":"https:\/\/www.anny-cosmetics.com\/de\/"},{"@type":"ListItem","position":2,"name":"Shop","item":"https:\/\/www.anny-cosmetics.com\/de\/shop\/"},{"@type":"ListItem","position":3,"name":"6 in 1"}]},{"@type":"WebSite","@id":"https:\/\/www.anny-cosmetics.com\/de\/#website","url":"https:\/\/www.anny-cosmetics.com\/de\/","name":"ANNY Cosmetics","description":"","potentialAction":[{"@type":"SearchAction","target":{"@type":"EntryPoint","urlTemplate":"https:\/\/www.anny-cosmetics.com\/de\/?s={search_term_string}"},"query-input":{"@type":"PropertyValueSpecification","valueRequired":true,"valueName":"search_term_string"}}],"inLanguage":"de-DE"}]}},"_links":{"self":[{"href":"https:\/\/www.anny-cosmetics.com\/de\/wp-json\/wp\/v2\/product\/27899","targetHints":{"allow":["GET"]}}],"collection":[{"href":"https:\/\/www.anny-cosmetics.com\/de\/wp-json\/wp\/v2\/product"}],"about":[{"href":"https:\/\/www.anny-cosmetics.com\/de\/wp-json\/wp\/v2\/types\/product"}],"replies":[{"embeddable":true,"href":"https:\/\/www.anny-cosmetics.com\/de\/wp-json\/wp\/v2\/comments?post=27899"}],"version-history":[{"count":3,"href":"https:\/\/www.anny-cosmetics.com\/de\/wp-json\/wp\/v2\/product\/27899\/revisions"}],"predecessor-version":[{"id":91957,"href":"https:\/\/www.anny-cosmetics.com\/de\/wp-json\/wp\/v2\/product\/27899\/revisions\/91957"}],"wp:featuredmedia":[{"embeddable":true,"href":"https:\/\/www.anny-cosmetics.com\/de\/wp-json\/wp\/v2\/media\/27914"}],"wp:attachment":[{"href":"https:\/\/www.anny-cosmetics.com\/de\/wp-json\/wp\/v2\/media?parent=27899"}],"wp:term":[{"taxonomy":"product_brand","embeddable":true,"href":"https:\/\/www.anny-cosmetics.com\/de\/wp-json\/wp\/v2\/product_brand?post=27899"},{"taxonomy":"product_cat","embeddable":true,"href":"https:\/\/www.anny-cosmetics.com\/de\/wp-json\/wp\/v2\/product_cat?post=27899"},{"taxonomy":"product_tag","embeddable":true,"href":"https:\/\/www.anny-cosmetics.com\/de\/wp-json\/wp\/v2\/product_tag?post=27899"}],"curies":[{"name":"wp","href":"https:\/\/api.w.org\/{rel}","templated":true}]}}