{"id":38624,"date":"2023-01-12T06:30:59","date_gmt":"2023-01-12T05:30:59","guid":{"rendered":"https:\/\/www.anny-cosmetics.com\/produkt\/instant-nail-brightener-ay10-926\/"},"modified":"2026-02-18T16:22:31","modified_gmt":"2026-02-18T15:22:31","slug":"instant-nail-brightener-ay10-926","status":"publish","type":"product","link":"https:\/\/www.anny-cosmetics.com\/de\/produkt\/instant-nail-brightener-ay10-926\/","title":{"rendered":"Instant Nail Brightener"},"content":{"rendered":"<p>Der Instant Nail Brightener gleicht Verf\u00e4rbungen der N\u00e4gel aus und l\u00e4sst sie ganz ohne Farbe erstrahlen. Die einzigartige Formulierung punktet mit ihren aufhellenden und schnelltrocknenden Eigenschaften. Der Lack betont die nat\u00fcrlich, rosa Farbe des Nagels und l\u00e4sst das Nagelbett und Nagelr\u00e4nder wei\u00dfer wirken.<\/p>\n","protected":false},"excerpt":{"rendered":"<p>Nat\u00fcrlicher, optisch aufhellender Pflegelack<\/p>\n","protected":false},"featured_media":77558,"comment_status":"open","ping_status":"closed","template":"","meta":[],"product_brand":[],"product_cat":[1603],"product_tag":[],"class_list":{"0":"post-38624","1":"product","2":"type-product","3":"status-publish","4":"has-post-thumbnail","6":"product_cat-nail-care-specials","9":"first","10":"instock","11":"shipping-taxable","12":"purchasable","13":"product-type-simple"},"yoast_head":"<!-- This site is optimized with the Yoast SEO plugin v25.7 - https:\/\/yoast.com\/wordpress\/plugins\/seo\/ -->\n<title>Instant Nail Brightener - ANNY Cosmetics<\/title>\n<meta name=\"description\" content=\"Nat\u00fcrlicher, optisch aufhellender Pflegelack\" \/>\n<meta name=\"robots\" content=\"index, follow, max-snippet:-1, max-image-preview:large, max-video-preview:-1\" \/>\n<link rel=\"canonical\" href=\"https:\/\/www.anny-cosmetics.com\/de\/produkt\/instant-nail-brightener-ay10-926\/\" \/>\n<meta property=\"og:locale\" content=\"de_DE\" \/>\n<meta property=\"og:type\" content=\"article\" \/>\n<meta property=\"og:title\" content=\"Instant Nail Brightener - ANNY Cosmetics\" \/>\n<meta property=\"og:description\" content=\"Nat\u00fcrlicher, optisch aufhellender Pflegelack\" \/>\n<meta property=\"og:url\" content=\"https:\/\/www.anny-cosmetics.com\/de\/produkt\/instant-nail-brightener-ay10-926\/\" \/>\n<meta property=\"og:site_name\" content=\"ANNY Cosmetics\" \/>\n<meta property=\"article:publisher\" content=\"https:\/\/www.facebook.com\/Anny.cosmetics\/\" \/>\n<meta property=\"article:modified_time\" content=\"2026-02-18T15:22:31+00:00\" \/>\n<meta property=\"og:image\" content=\"https:\/\/www.anny-cosmetics.com\/app\/uploads\/2024\/06\/0392f929ab0f72d673ba69a6c7c3f4b83fc4b697_Website_format_JPG_A10.926_instant_nail_brightener.jpg\" \/>\n\t<meta property=\"og:image:width\" content=\"2000\" \/>\n\t<meta property=\"og:image:height\" content=\"2000\" \/>\n\t<meta property=\"og:image:type\" content=\"image\/jpeg\" \/>\n<meta name=\"twitter:card\" content=\"summary_large_image\" \/>\n<script type=\"application\/ld+json\" class=\"yoast-schema-graph\">{\"@context\":\"https:\/\/schema.org\",\"@graph\":[{\"@type\":\"WebPage\",\"@id\":\"https:\/\/www.anny-cosmetics.com\/de\/produkt\/instant-nail-brightener-ay10-926\/\",\"url\":\"https:\/\/www.anny-cosmetics.com\/de\/produkt\/instant-nail-brightener-ay10-926\/\",\"name\":\"Instant Nail Brightener - ANNY Cosmetics\",\"isPartOf\":{\"@id\":\"https:\/\/www.anny-cosmetics.com\/de\/#website\"},\"primaryImageOfPage\":{\"@id\":\"https:\/\/www.anny-cosmetics.com\/de\/produkt\/instant-nail-brightener-ay10-926\/#primaryimage\"},\"image\":{\"@id\":\"https:\/\/www.anny-cosmetics.com\/de\/produkt\/instant-nail-brightener-ay10-926\/#primaryimage\"},\"thumbnailUrl\":\"https:\/\/www.anny-cosmetics.com\/app\/uploads\/2024\/06\/0392f929ab0f72d673ba69a6c7c3f4b83fc4b697_Website_format_JPG_A10.926_instant_nail_brightener.jpg\",\"datePublished\":\"2023-01-12T05:30:59+00:00\",\"dateModified\":\"2026-02-18T15:22:31+00:00\",\"description\":\"Nat\u00fcrlicher, optisch aufhellender Pflegelack\",\"breadcrumb\":{\"@id\":\"https:\/\/www.anny-cosmetics.com\/de\/produkt\/instant-nail-brightener-ay10-926\/#breadcrumb\"},\"inLanguage\":\"de-DE\",\"potentialAction\":[{\"@type\":\"ReadAction\",\"target\":[\"https:\/\/www.anny-cosmetics.com\/de\/produkt\/instant-nail-brightener-ay10-926\/\"]}]},{\"@type\":\"ImageObject\",\"inLanguage\":\"de-DE\",\"@id\":\"https:\/\/www.anny-cosmetics.com\/de\/produkt\/instant-nail-brightener-ay10-926\/#primaryimage\",\"url\":\"https:\/\/www.anny-cosmetics.com\/app\/uploads\/2024\/06\/0392f929ab0f72d673ba69a6c7c3f4b83fc4b697_Website_format_JPG_A10.926_instant_nail_brightener.jpg\",\"contentUrl\":\"https:\/\/www.anny-cosmetics.com\/app\/uploads\/2024\/06\/0392f929ab0f72d673ba69a6c7c3f4b83fc4b697_Website_format_JPG_A10.926_instant_nail_brightener.jpg\",\"width\":2000,\"height\":2000},{\"@type\":\"BreadcrumbList\",\"@id\":\"https:\/\/www.anny-cosmetics.com\/de\/produkt\/instant-nail-brightener-ay10-926\/#breadcrumb\",\"itemListElement\":[{\"@type\":\"ListItem\",\"position\":1,\"name\":\"Home\",\"item\":\"https:\/\/www.anny-cosmetics.com\/de\/\"},{\"@type\":\"ListItem\",\"position\":2,\"name\":\"Shop\",\"item\":\"https:\/\/www.anny-cosmetics.com\/de\/shop\/\"},{\"@type\":\"ListItem\",\"position\":3,\"name\":\"Instant Nail Brightener\"}]},{\"@type\":\"WebSite\",\"@id\":\"https:\/\/www.anny-cosmetics.com\/de\/#website\",\"url\":\"https:\/\/www.anny-cosmetics.com\/de\/\",\"name\":\"ANNY Cosmetics\",\"description\":\"\",\"potentialAction\":[{\"@type\":\"SearchAction\",\"target\":{\"@type\":\"EntryPoint\",\"urlTemplate\":\"https:\/\/www.anny-cosmetics.com\/de\/?s={search_term_string}\"},\"query-input\":{\"@type\":\"PropertyValueSpecification\",\"valueRequired\":true,\"valueName\":\"search_term_string\"}}],\"inLanguage\":\"de-DE\"}]}<\/script>\n<!-- \/ Yoast SEO plugin. -->","yoast_head_json":{"title":"Instant Nail Brightener - ANNY Cosmetics","description":"Nat\u00fcrlicher, optisch aufhellender Pflegelack","robots":{"index":"index","follow":"follow","max-snippet":"max-snippet:-1","max-image-preview":"max-image-preview:large","max-video-preview":"max-video-preview:-1"},"canonical":"https:\/\/www.anny-cosmetics.com\/de\/produkt\/instant-nail-brightener-ay10-926\/","og_locale":"de_DE","og_type":"article","og_title":"Instant Nail Brightener - ANNY Cosmetics","og_description":"Nat\u00fcrlicher, optisch aufhellender Pflegelack","og_url":"https:\/\/www.anny-cosmetics.com\/de\/produkt\/instant-nail-brightener-ay10-926\/","og_site_name":"ANNY Cosmetics","article_publisher":"https:\/\/www.facebook.com\/Anny.cosmetics\/","article_modified_time":"2026-02-18T15:22:31+00:00","og_image":[{"width":2000,"height":2000,"url":"https:\/\/www.anny-cosmetics.com\/app\/uploads\/2024\/06\/0392f929ab0f72d673ba69a6c7c3f4b83fc4b697_Website_format_JPG_A10.926_instant_nail_brightener.jpg","type":"image\/jpeg"}],"twitter_card":"summary_large_image","schema":{"@context":"https:\/\/schema.org","@graph":[{"@type":"WebPage","@id":"https:\/\/www.anny-cosmetics.com\/de\/produkt\/instant-nail-brightener-ay10-926\/","url":"https:\/\/www.anny-cosmetics.com\/de\/produkt\/instant-nail-brightener-ay10-926\/","name":"Instant Nail Brightener - ANNY Cosmetics","isPartOf":{"@id":"https:\/\/www.anny-cosmetics.com\/de\/#website"},"primaryImageOfPage":{"@id":"https:\/\/www.anny-cosmetics.com\/de\/produkt\/instant-nail-brightener-ay10-926\/#primaryimage"},"image":{"@id":"https:\/\/www.anny-cosmetics.com\/de\/produkt\/instant-nail-brightener-ay10-926\/#primaryimage"},"thumbnailUrl":"https:\/\/www.anny-cosmetics.com\/app\/uploads\/2024\/06\/0392f929ab0f72d673ba69a6c7c3f4b83fc4b697_Website_format_JPG_A10.926_instant_nail_brightener.jpg","datePublished":"2023-01-12T05:30:59+00:00","dateModified":"2026-02-18T15:22:31+00:00","description":"Nat\u00fcrlicher, optisch aufhellender Pflegelack","breadcrumb":{"@id":"https:\/\/www.anny-cosmetics.com\/de\/produkt\/instant-nail-brightener-ay10-926\/#breadcrumb"},"inLanguage":"de-DE","potentialAction":[{"@type":"ReadAction","target":["https:\/\/www.anny-cosmetics.com\/de\/produkt\/instant-nail-brightener-ay10-926\/"]}]},{"@type":"ImageObject","inLanguage":"de-DE","@id":"https:\/\/www.anny-cosmetics.com\/de\/produkt\/instant-nail-brightener-ay10-926\/#primaryimage","url":"https:\/\/www.anny-cosmetics.com\/app\/uploads\/2024\/06\/0392f929ab0f72d673ba69a6c7c3f4b83fc4b697_Website_format_JPG_A10.926_instant_nail_brightener.jpg","contentUrl":"https:\/\/www.anny-cosmetics.com\/app\/uploads\/2024\/06\/0392f929ab0f72d673ba69a6c7c3f4b83fc4b697_Website_format_JPG_A10.926_instant_nail_brightener.jpg","width":2000,"height":2000},{"@type":"BreadcrumbList","@id":"https:\/\/www.anny-cosmetics.com\/de\/produkt\/instant-nail-brightener-ay10-926\/#breadcrumb","itemListElement":[{"@type":"ListItem","position":1,"name":"Home","item":"https:\/\/www.anny-cosmetics.com\/de\/"},{"@type":"ListItem","position":2,"name":"Shop","item":"https:\/\/www.anny-cosmetics.com\/de\/shop\/"},{"@type":"ListItem","position":3,"name":"Instant Nail Brightener"}]},{"@type":"WebSite","@id":"https:\/\/www.anny-cosmetics.com\/de\/#website","url":"https:\/\/www.anny-cosmetics.com\/de\/","name":"ANNY Cosmetics","description":"","potentialAction":[{"@type":"SearchAction","target":{"@type":"EntryPoint","urlTemplate":"https:\/\/www.anny-cosmetics.com\/de\/?s={search_term_string}"},"query-input":{"@type":"PropertyValueSpecification","valueRequired":true,"valueName":"search_term_string"}}],"inLanguage":"de-DE"}]}},"_links":{"self":[{"href":"https:\/\/www.anny-cosmetics.com\/de\/wp-json\/wp\/v2\/product\/38624","targetHints":{"allow":["GET"]}}],"collection":[{"href":"https:\/\/www.anny-cosmetics.com\/de\/wp-json\/wp\/v2\/product"}],"about":[{"href":"https:\/\/www.anny-cosmetics.com\/de\/wp-json\/wp\/v2\/types\/product"}],"replies":[{"embeddable":true,"href":"https:\/\/www.anny-cosmetics.com\/de\/wp-json\/wp\/v2\/comments?post=38624"}],"version-history":[{"count":2,"href":"https:\/\/www.anny-cosmetics.com\/de\/wp-json\/wp\/v2\/product\/38624\/revisions"}],"predecessor-version":[{"id":43364,"href":"https:\/\/www.anny-cosmetics.com\/de\/wp-json\/wp\/v2\/product\/38624\/revisions\/43364"}],"wp:featuredmedia":[{"embeddable":true,"href":"https:\/\/www.anny-cosmetics.com\/de\/wp-json\/wp\/v2\/media\/77558"}],"wp:attachment":[{"href":"https:\/\/www.anny-cosmetics.com\/de\/wp-json\/wp\/v2\/media?parent=38624"}],"wp:term":[{"taxonomy":"product_brand","embeddable":true,"href":"https:\/\/www.anny-cosmetics.com\/de\/wp-json\/wp\/v2\/product_brand?post=38624"},{"taxonomy":"product_cat","embeddable":true,"href":"https:\/\/www.anny-cosmetics.com\/de\/wp-json\/wp\/v2\/product_cat?post=38624"},{"taxonomy":"product_tag","embeddable":true,"href":"https:\/\/www.anny-cosmetics.com\/de\/wp-json\/wp\/v2\/product_tag?post=38624"}],"curies":[{"name":"wp","href":"https:\/\/api.w.org\/{rel}","templated":true}]}}