{"id":46445,"date":"2023-04-29T06:30:38","date_gmt":"2023-04-29T04:30:38","guid":{"rendered":"https:\/\/www.anny-cosmetics.com\/produkt\/speed-dry-top-coat-ay10-917\/"},"modified":"2026-04-02T11:59:11","modified_gmt":"2026-04-02T09:59:11","slug":"speed-dry-top-coat-ay10-917","status":"publish","type":"product","link":"https:\/\/www.anny-cosmetics.com\/de\/produkt\/speed-dry-top-coat-ay10-917\/","title":{"rendered":"Speed dry top coat"},"content":{"rendered":"<p>Der ANNY Speed Dry Top Coat trocknet jeden Nagellack innerhalb von nur 60 Sekunden und versiegelt die Manik\u00fcre. Nach dem Auftrag hinterl\u00e4sst der \u00dcberlack ein langanhaltend gl\u00e4nzendes und makelloses Finish. Die innovative Formel verl\u00e4ngert zudem die Haltbarkeit des Nagellacks und sch\u00fctzt ihn vor Makeln.<\/p>\n","protected":false},"excerpt":{"rendered":"<p>Schnelltrocknender Nagellack<\/p>\n","protected":false},"featured_media":77702,"comment_status":"open","ping_status":"closed","template":"","meta":[],"product_brand":[],"product_cat":[1603],"product_tag":[],"class_list":{"0":"post-46445","1":"product","2":"type-product","3":"status-publish","4":"has-post-thumbnail","6":"product_cat-nail-care-specials","9":"first","10":"instock","11":"shipping-taxable","12":"purchasable","13":"product-type-simple"},"yoast_head":"<!-- This site is optimized with the Yoast SEO plugin v25.7 - https:\/\/yoast.com\/wordpress\/plugins\/seo\/ -->\n<title>Speed dry top coat - ANNY Cosmetics<\/title>\n<meta name=\"description\" content=\"Schnelltrocknender Nagellack\" \/>\n<meta name=\"robots\" content=\"index, follow, max-snippet:-1, max-image-preview:large, max-video-preview:-1\" \/>\n<link rel=\"canonical\" href=\"https:\/\/www.anny-cosmetics.com\/de\/produkt\/speed-dry-top-coat-ay10-917\/\" \/>\n<meta property=\"og:locale\" content=\"de_DE\" \/>\n<meta property=\"og:type\" content=\"article\" \/>\n<meta property=\"og:title\" content=\"Speed dry top coat - ANNY Cosmetics\" \/>\n<meta property=\"og:description\" content=\"Schnelltrocknender Nagellack\" \/>\n<meta property=\"og:url\" content=\"https:\/\/www.anny-cosmetics.com\/de\/produkt\/speed-dry-top-coat-ay10-917\/\" \/>\n<meta property=\"og:site_name\" content=\"ANNY Cosmetics\" \/>\n<meta property=\"article:publisher\" content=\"https:\/\/www.facebook.com\/Anny.cosmetics\/\" \/>\n<meta property=\"article:modified_time\" content=\"2026-04-02T09:59:11+00:00\" \/>\n<meta property=\"og:image\" content=\"https:\/\/www.anny-cosmetics.com\/app\/uploads\/2024\/06\/e1a90ec8941b82b968c530bc8b1af9a0e755cdb7_Website_format_JPG_A10.917_Speed_Dry_Top_Coat.jpg\" \/>\n\t<meta property=\"og:image:width\" content=\"2000\" \/>\n\t<meta property=\"og:image:height\" content=\"2000\" \/>\n\t<meta property=\"og:image:type\" content=\"image\/jpeg\" \/>\n<meta name=\"twitter:card\" content=\"summary_large_image\" \/>\n<script type=\"application\/ld+json\" class=\"yoast-schema-graph\">{\"@context\":\"https:\/\/schema.org\",\"@graph\":[{\"@type\":\"WebPage\",\"@id\":\"https:\/\/www.anny-cosmetics.com\/de\/produkt\/speed-dry-top-coat-ay10-917\/\",\"url\":\"https:\/\/www.anny-cosmetics.com\/de\/produkt\/speed-dry-top-coat-ay10-917\/\",\"name\":\"Speed dry top coat - ANNY Cosmetics\",\"isPartOf\":{\"@id\":\"https:\/\/www.anny-cosmetics.com\/de\/#website\"},\"primaryImageOfPage\":{\"@id\":\"https:\/\/www.anny-cosmetics.com\/de\/produkt\/speed-dry-top-coat-ay10-917\/#primaryimage\"},\"image\":{\"@id\":\"https:\/\/www.anny-cosmetics.com\/de\/produkt\/speed-dry-top-coat-ay10-917\/#primaryimage\"},\"thumbnailUrl\":\"https:\/\/www.anny-cosmetics.com\/app\/uploads\/2024\/06\/e1a90ec8941b82b968c530bc8b1af9a0e755cdb7_Website_format_JPG_A10.917_Speed_Dry_Top_Coat.jpg\",\"datePublished\":\"2023-04-29T04:30:38+00:00\",\"dateModified\":\"2026-04-02T09:59:11+00:00\",\"description\":\"Schnelltrocknender Nagellack\",\"breadcrumb\":{\"@id\":\"https:\/\/www.anny-cosmetics.com\/de\/produkt\/speed-dry-top-coat-ay10-917\/#breadcrumb\"},\"inLanguage\":\"de-DE\",\"potentialAction\":[{\"@type\":\"ReadAction\",\"target\":[\"https:\/\/www.anny-cosmetics.com\/de\/produkt\/speed-dry-top-coat-ay10-917\/\"]}]},{\"@type\":\"ImageObject\",\"inLanguage\":\"de-DE\",\"@id\":\"https:\/\/www.anny-cosmetics.com\/de\/produkt\/speed-dry-top-coat-ay10-917\/#primaryimage\",\"url\":\"https:\/\/www.anny-cosmetics.com\/app\/uploads\/2024\/06\/e1a90ec8941b82b968c530bc8b1af9a0e755cdb7_Website_format_JPG_A10.917_Speed_Dry_Top_Coat.jpg\",\"contentUrl\":\"https:\/\/www.anny-cosmetics.com\/app\/uploads\/2024\/06\/e1a90ec8941b82b968c530bc8b1af9a0e755cdb7_Website_format_JPG_A10.917_Speed_Dry_Top_Coat.jpg\",\"width\":2000,\"height\":2000},{\"@type\":\"BreadcrumbList\",\"@id\":\"https:\/\/www.anny-cosmetics.com\/de\/produkt\/speed-dry-top-coat-ay10-917\/#breadcrumb\",\"itemListElement\":[{\"@type\":\"ListItem\",\"position\":1,\"name\":\"Home\",\"item\":\"https:\/\/www.anny-cosmetics.com\/de\/\"},{\"@type\":\"ListItem\",\"position\":2,\"name\":\"Shop\",\"item\":\"https:\/\/www.anny-cosmetics.com\/de\/shop\/\"},{\"@type\":\"ListItem\",\"position\":3,\"name\":\"Speed dry top coat\"}]},{\"@type\":\"WebSite\",\"@id\":\"https:\/\/www.anny-cosmetics.com\/de\/#website\",\"url\":\"https:\/\/www.anny-cosmetics.com\/de\/\",\"name\":\"ANNY Cosmetics\",\"description\":\"\",\"potentialAction\":[{\"@type\":\"SearchAction\",\"target\":{\"@type\":\"EntryPoint\",\"urlTemplate\":\"https:\/\/www.anny-cosmetics.com\/de\/?s={search_term_string}\"},\"query-input\":{\"@type\":\"PropertyValueSpecification\",\"valueRequired\":true,\"valueName\":\"search_term_string\"}}],\"inLanguage\":\"de-DE\"}]}<\/script>\n<!-- \/ Yoast SEO plugin. -->","yoast_head_json":{"title":"Speed dry top coat - ANNY Cosmetics","description":"Schnelltrocknender Nagellack","robots":{"index":"index","follow":"follow","max-snippet":"max-snippet:-1","max-image-preview":"max-image-preview:large","max-video-preview":"max-video-preview:-1"},"canonical":"https:\/\/www.anny-cosmetics.com\/de\/produkt\/speed-dry-top-coat-ay10-917\/","og_locale":"de_DE","og_type":"article","og_title":"Speed dry top coat - ANNY Cosmetics","og_description":"Schnelltrocknender Nagellack","og_url":"https:\/\/www.anny-cosmetics.com\/de\/produkt\/speed-dry-top-coat-ay10-917\/","og_site_name":"ANNY Cosmetics","article_publisher":"https:\/\/www.facebook.com\/Anny.cosmetics\/","article_modified_time":"2026-04-02T09:59:11+00:00","og_image":[{"width":2000,"height":2000,"url":"https:\/\/www.anny-cosmetics.com\/app\/uploads\/2024\/06\/e1a90ec8941b82b968c530bc8b1af9a0e755cdb7_Website_format_JPG_A10.917_Speed_Dry_Top_Coat.jpg","type":"image\/jpeg"}],"twitter_card":"summary_large_image","schema":{"@context":"https:\/\/schema.org","@graph":[{"@type":"WebPage","@id":"https:\/\/www.anny-cosmetics.com\/de\/produkt\/speed-dry-top-coat-ay10-917\/","url":"https:\/\/www.anny-cosmetics.com\/de\/produkt\/speed-dry-top-coat-ay10-917\/","name":"Speed dry top coat - ANNY Cosmetics","isPartOf":{"@id":"https:\/\/www.anny-cosmetics.com\/de\/#website"},"primaryImageOfPage":{"@id":"https:\/\/www.anny-cosmetics.com\/de\/produkt\/speed-dry-top-coat-ay10-917\/#primaryimage"},"image":{"@id":"https:\/\/www.anny-cosmetics.com\/de\/produkt\/speed-dry-top-coat-ay10-917\/#primaryimage"},"thumbnailUrl":"https:\/\/www.anny-cosmetics.com\/app\/uploads\/2024\/06\/e1a90ec8941b82b968c530bc8b1af9a0e755cdb7_Website_format_JPG_A10.917_Speed_Dry_Top_Coat.jpg","datePublished":"2023-04-29T04:30:38+00:00","dateModified":"2026-04-02T09:59:11+00:00","description":"Schnelltrocknender Nagellack","breadcrumb":{"@id":"https:\/\/www.anny-cosmetics.com\/de\/produkt\/speed-dry-top-coat-ay10-917\/#breadcrumb"},"inLanguage":"de-DE","potentialAction":[{"@type":"ReadAction","target":["https:\/\/www.anny-cosmetics.com\/de\/produkt\/speed-dry-top-coat-ay10-917\/"]}]},{"@type":"ImageObject","inLanguage":"de-DE","@id":"https:\/\/www.anny-cosmetics.com\/de\/produkt\/speed-dry-top-coat-ay10-917\/#primaryimage","url":"https:\/\/www.anny-cosmetics.com\/app\/uploads\/2024\/06\/e1a90ec8941b82b968c530bc8b1af9a0e755cdb7_Website_format_JPG_A10.917_Speed_Dry_Top_Coat.jpg","contentUrl":"https:\/\/www.anny-cosmetics.com\/app\/uploads\/2024\/06\/e1a90ec8941b82b968c530bc8b1af9a0e755cdb7_Website_format_JPG_A10.917_Speed_Dry_Top_Coat.jpg","width":2000,"height":2000},{"@type":"BreadcrumbList","@id":"https:\/\/www.anny-cosmetics.com\/de\/produkt\/speed-dry-top-coat-ay10-917\/#breadcrumb","itemListElement":[{"@type":"ListItem","position":1,"name":"Home","item":"https:\/\/www.anny-cosmetics.com\/de\/"},{"@type":"ListItem","position":2,"name":"Shop","item":"https:\/\/www.anny-cosmetics.com\/de\/shop\/"},{"@type":"ListItem","position":3,"name":"Speed dry top coat"}]},{"@type":"WebSite","@id":"https:\/\/www.anny-cosmetics.com\/de\/#website","url":"https:\/\/www.anny-cosmetics.com\/de\/","name":"ANNY Cosmetics","description":"","potentialAction":[{"@type":"SearchAction","target":{"@type":"EntryPoint","urlTemplate":"https:\/\/www.anny-cosmetics.com\/de\/?s={search_term_string}"},"query-input":{"@type":"PropertyValueSpecification","valueRequired":true,"valueName":"search_term_string"}}],"inLanguage":"de-DE"}]}},"_links":{"self":[{"href":"https:\/\/www.anny-cosmetics.com\/de\/wp-json\/wp\/v2\/product\/46445","targetHints":{"allow":["GET"]}}],"collection":[{"href":"https:\/\/www.anny-cosmetics.com\/de\/wp-json\/wp\/v2\/product"}],"about":[{"href":"https:\/\/www.anny-cosmetics.com\/de\/wp-json\/wp\/v2\/types\/product"}],"replies":[{"embeddable":true,"href":"https:\/\/www.anny-cosmetics.com\/de\/wp-json\/wp\/v2\/comments?post=46445"}],"version-history":[{"count":1,"href":"https:\/\/www.anny-cosmetics.com\/de\/wp-json\/wp\/v2\/product\/46445\/revisions"}],"predecessor-version":[{"id":47318,"href":"https:\/\/www.anny-cosmetics.com\/de\/wp-json\/wp\/v2\/product\/46445\/revisions\/47318"}],"wp:featuredmedia":[{"embeddable":true,"href":"https:\/\/www.anny-cosmetics.com\/de\/wp-json\/wp\/v2\/media\/77702"}],"wp:attachment":[{"href":"https:\/\/www.anny-cosmetics.com\/de\/wp-json\/wp\/v2\/media?parent=46445"}],"wp:term":[{"taxonomy":"product_brand","embeddable":true,"href":"https:\/\/www.anny-cosmetics.com\/de\/wp-json\/wp\/v2\/product_brand?post=46445"},{"taxonomy":"product_cat","embeddable":true,"href":"https:\/\/www.anny-cosmetics.com\/de\/wp-json\/wp\/v2\/product_cat?post=46445"},{"taxonomy":"product_tag","embeddable":true,"href":"https:\/\/www.anny-cosmetics.com\/de\/wp-json\/wp\/v2\/product_tag?post=46445"}],"curies":[{"name":"wp","href":"https:\/\/api.w.org\/{rel}","templated":true}]}}