{"id":65255,"date":"2024-02-22T13:30:40","date_gmt":"2024-02-22T12:30:40","guid":{"rendered":"https:\/\/www.anny-cosmetics.com\/produkt\/nail-oil-repair-treatment-909-ay10-909\/"},"modified":"2026-02-18T16:22:04","modified_gmt":"2026-02-18T15:22:04","slug":"nail-oil-repair-treatment-909-ay10-909","status":"publish","type":"product","link":"https:\/\/www.anny-cosmetics.com\/de\/produkt\/nail-oil-repair-treatment-909-ay10-909\/","title":{"rendered":"Nail Oil Repair Treatment"},"content":{"rendered":"<p>Das Nail Oil Repair Treatment enth\u00e4lt die perfekte feuchtigkeitsspendende Mischung aus n\u00e4hrenden und reparierenden \u00d6len, wie Apfelkern- und Mandel\u00f6l. Jedes der nat\u00fcrlichen \u00d6le wurde f\u00fcr seine pflegenden Eigenschaften f\u00fcr gesunde N\u00e4gel und eine gesunde Nagelhaut ausgew\u00e4hlt. Das \u00d6l spendet bereits beim ersten Auftrag auf dem Nagel und der Nagelhaut Feuchtigkeit, l\u00e4sst den Nagel optisch ges\u00fcnder aussehen und hilft gereizter Nagelhaut sich zu beruhigen.<\/p>\n","protected":false},"excerpt":{"rendered":"<p>Reparierendes Nagel\u00f6l mit feuchtigkeitsspendenden Eigenschaften<\/p>\n","protected":false},"featured_media":77318,"comment_status":"open","ping_status":"closed","template":"","meta":[],"product_brand":[],"product_cat":[1603],"product_tag":[],"class_list":{"0":"post-65255","1":"product","2":"type-product","3":"status-publish","4":"has-post-thumbnail","6":"product_cat-nail-care-specials","9":"first","10":"instock","11":"shipping-taxable","12":"purchasable","13":"product-type-simple"},"yoast_head":"<!-- This site is optimized with the Yoast SEO plugin v25.7 - https:\/\/yoast.com\/wordpress\/plugins\/seo\/ -->\n<title>Nail Oil Repair Treatment - ANNY Cosmetics<\/title>\n<meta name=\"description\" content=\"Reparierendes Nagel\u00f6l mit feuchtigkeitsspendenden Eigenschaften\" \/>\n<meta name=\"robots\" content=\"index, follow, max-snippet:-1, max-image-preview:large, max-video-preview:-1\" \/>\n<link rel=\"canonical\" href=\"https:\/\/www.anny-cosmetics.com\/de\/produkt\/nail-oil-repair-treatment-909-ay10-909\/\" \/>\n<meta property=\"og:locale\" content=\"de_DE\" \/>\n<meta property=\"og:type\" content=\"article\" \/>\n<meta property=\"og:title\" content=\"Nail Oil Repair Treatment - ANNY Cosmetics\" \/>\n<meta property=\"og:description\" content=\"Reparierendes Nagel\u00f6l mit feuchtigkeitsspendenden Eigenschaften\" \/>\n<meta property=\"og:url\" content=\"https:\/\/www.anny-cosmetics.com\/de\/produkt\/nail-oil-repair-treatment-909-ay10-909\/\" \/>\n<meta property=\"og:site_name\" content=\"ANNY Cosmetics\" \/>\n<meta property=\"article:publisher\" content=\"https:\/\/www.facebook.com\/Anny.cosmetics\/\" \/>\n<meta property=\"article:modified_time\" content=\"2026-02-18T15:22:04+00:00\" \/>\n<meta property=\"og:image\" content=\"https:\/\/www.anny-cosmetics.com\/app\/uploads\/2024\/06\/5423e79ecca7fde60598219dd8007d018a5a351e_Website_format_JPG_A10.909_nail_oil_repair_treatment__1_.jpg\" \/>\n\t<meta property=\"og:image:width\" content=\"2000\" \/>\n\t<meta property=\"og:image:height\" content=\"2000\" \/>\n\t<meta property=\"og:image:type\" content=\"image\/jpeg\" \/>\n<meta name=\"twitter:card\" content=\"summary_large_image\" \/>\n<script type=\"application\/ld+json\" class=\"yoast-schema-graph\">{\"@context\":\"https:\/\/schema.org\",\"@graph\":[{\"@type\":\"WebPage\",\"@id\":\"https:\/\/www.anny-cosmetics.com\/de\/produkt\/nail-oil-repair-treatment-909-ay10-909\/\",\"url\":\"https:\/\/www.anny-cosmetics.com\/de\/produkt\/nail-oil-repair-treatment-909-ay10-909\/\",\"name\":\"Nail Oil Repair Treatment - ANNY Cosmetics\",\"isPartOf\":{\"@id\":\"https:\/\/www.anny-cosmetics.com\/de\/#website\"},\"primaryImageOfPage\":{\"@id\":\"https:\/\/www.anny-cosmetics.com\/de\/produkt\/nail-oil-repair-treatment-909-ay10-909\/#primaryimage\"},\"image\":{\"@id\":\"https:\/\/www.anny-cosmetics.com\/de\/produkt\/nail-oil-repair-treatment-909-ay10-909\/#primaryimage\"},\"thumbnailUrl\":\"https:\/\/www.anny-cosmetics.com\/app\/uploads\/2024\/06\/5423e79ecca7fde60598219dd8007d018a5a351e_Website_format_JPG_A10.909_nail_oil_repair_treatment__1_.jpg\",\"datePublished\":\"2024-02-22T12:30:40+00:00\",\"dateModified\":\"2026-02-18T15:22:04+00:00\",\"description\":\"Reparierendes Nagel\u00f6l mit feuchtigkeitsspendenden Eigenschaften\",\"breadcrumb\":{\"@id\":\"https:\/\/www.anny-cosmetics.com\/de\/produkt\/nail-oil-repair-treatment-909-ay10-909\/#breadcrumb\"},\"inLanguage\":\"de-DE\",\"potentialAction\":[{\"@type\":\"ReadAction\",\"target\":[\"https:\/\/www.anny-cosmetics.com\/de\/produkt\/nail-oil-repair-treatment-909-ay10-909\/\"]}]},{\"@type\":\"ImageObject\",\"inLanguage\":\"de-DE\",\"@id\":\"https:\/\/www.anny-cosmetics.com\/de\/produkt\/nail-oil-repair-treatment-909-ay10-909\/#primaryimage\",\"url\":\"https:\/\/www.anny-cosmetics.com\/app\/uploads\/2024\/06\/5423e79ecca7fde60598219dd8007d018a5a351e_Website_format_JPG_A10.909_nail_oil_repair_treatment__1_.jpg\",\"contentUrl\":\"https:\/\/www.anny-cosmetics.com\/app\/uploads\/2024\/06\/5423e79ecca7fde60598219dd8007d018a5a351e_Website_format_JPG_A10.909_nail_oil_repair_treatment__1_.jpg\",\"width\":2000,\"height\":2000},{\"@type\":\"BreadcrumbList\",\"@id\":\"https:\/\/www.anny-cosmetics.com\/de\/produkt\/nail-oil-repair-treatment-909-ay10-909\/#breadcrumb\",\"itemListElement\":[{\"@type\":\"ListItem\",\"position\":1,\"name\":\"Home\",\"item\":\"https:\/\/www.anny-cosmetics.com\/de\/\"},{\"@type\":\"ListItem\",\"position\":2,\"name\":\"Shop\",\"item\":\"https:\/\/www.anny-cosmetics.com\/de\/shop\/\"},{\"@type\":\"ListItem\",\"position\":3,\"name\":\"Nail Oil Repair Treatment\"}]},{\"@type\":\"WebSite\",\"@id\":\"https:\/\/www.anny-cosmetics.com\/de\/#website\",\"url\":\"https:\/\/www.anny-cosmetics.com\/de\/\",\"name\":\"ANNY Cosmetics\",\"description\":\"\",\"potentialAction\":[{\"@type\":\"SearchAction\",\"target\":{\"@type\":\"EntryPoint\",\"urlTemplate\":\"https:\/\/www.anny-cosmetics.com\/de\/?s={search_term_string}\"},\"query-input\":{\"@type\":\"PropertyValueSpecification\",\"valueRequired\":true,\"valueName\":\"search_term_string\"}}],\"inLanguage\":\"de-DE\"}]}<\/script>\n<!-- \/ Yoast SEO plugin. -->","yoast_head_json":{"title":"Nail Oil Repair Treatment - ANNY Cosmetics","description":"Reparierendes Nagel\u00f6l mit feuchtigkeitsspendenden Eigenschaften","robots":{"index":"index","follow":"follow","max-snippet":"max-snippet:-1","max-image-preview":"max-image-preview:large","max-video-preview":"max-video-preview:-1"},"canonical":"https:\/\/www.anny-cosmetics.com\/de\/produkt\/nail-oil-repair-treatment-909-ay10-909\/","og_locale":"de_DE","og_type":"article","og_title":"Nail Oil Repair Treatment - ANNY Cosmetics","og_description":"Reparierendes Nagel\u00f6l mit feuchtigkeitsspendenden Eigenschaften","og_url":"https:\/\/www.anny-cosmetics.com\/de\/produkt\/nail-oil-repair-treatment-909-ay10-909\/","og_site_name":"ANNY Cosmetics","article_publisher":"https:\/\/www.facebook.com\/Anny.cosmetics\/","article_modified_time":"2026-02-18T15:22:04+00:00","og_image":[{"width":2000,"height":2000,"url":"https:\/\/www.anny-cosmetics.com\/app\/uploads\/2024\/06\/5423e79ecca7fde60598219dd8007d018a5a351e_Website_format_JPG_A10.909_nail_oil_repair_treatment__1_.jpg","type":"image\/jpeg"}],"twitter_card":"summary_large_image","schema":{"@context":"https:\/\/schema.org","@graph":[{"@type":"WebPage","@id":"https:\/\/www.anny-cosmetics.com\/de\/produkt\/nail-oil-repair-treatment-909-ay10-909\/","url":"https:\/\/www.anny-cosmetics.com\/de\/produkt\/nail-oil-repair-treatment-909-ay10-909\/","name":"Nail Oil Repair Treatment - ANNY Cosmetics","isPartOf":{"@id":"https:\/\/www.anny-cosmetics.com\/de\/#website"},"primaryImageOfPage":{"@id":"https:\/\/www.anny-cosmetics.com\/de\/produkt\/nail-oil-repair-treatment-909-ay10-909\/#primaryimage"},"image":{"@id":"https:\/\/www.anny-cosmetics.com\/de\/produkt\/nail-oil-repair-treatment-909-ay10-909\/#primaryimage"},"thumbnailUrl":"https:\/\/www.anny-cosmetics.com\/app\/uploads\/2024\/06\/5423e79ecca7fde60598219dd8007d018a5a351e_Website_format_JPG_A10.909_nail_oil_repair_treatment__1_.jpg","datePublished":"2024-02-22T12:30:40+00:00","dateModified":"2026-02-18T15:22:04+00:00","description":"Reparierendes Nagel\u00f6l mit feuchtigkeitsspendenden Eigenschaften","breadcrumb":{"@id":"https:\/\/www.anny-cosmetics.com\/de\/produkt\/nail-oil-repair-treatment-909-ay10-909\/#breadcrumb"},"inLanguage":"de-DE","potentialAction":[{"@type":"ReadAction","target":["https:\/\/www.anny-cosmetics.com\/de\/produkt\/nail-oil-repair-treatment-909-ay10-909\/"]}]},{"@type":"ImageObject","inLanguage":"de-DE","@id":"https:\/\/www.anny-cosmetics.com\/de\/produkt\/nail-oil-repair-treatment-909-ay10-909\/#primaryimage","url":"https:\/\/www.anny-cosmetics.com\/app\/uploads\/2024\/06\/5423e79ecca7fde60598219dd8007d018a5a351e_Website_format_JPG_A10.909_nail_oil_repair_treatment__1_.jpg","contentUrl":"https:\/\/www.anny-cosmetics.com\/app\/uploads\/2024\/06\/5423e79ecca7fde60598219dd8007d018a5a351e_Website_format_JPG_A10.909_nail_oil_repair_treatment__1_.jpg","width":2000,"height":2000},{"@type":"BreadcrumbList","@id":"https:\/\/www.anny-cosmetics.com\/de\/produkt\/nail-oil-repair-treatment-909-ay10-909\/#breadcrumb","itemListElement":[{"@type":"ListItem","position":1,"name":"Home","item":"https:\/\/www.anny-cosmetics.com\/de\/"},{"@type":"ListItem","position":2,"name":"Shop","item":"https:\/\/www.anny-cosmetics.com\/de\/shop\/"},{"@type":"ListItem","position":3,"name":"Nail Oil Repair Treatment"}]},{"@type":"WebSite","@id":"https:\/\/www.anny-cosmetics.com\/de\/#website","url":"https:\/\/www.anny-cosmetics.com\/de\/","name":"ANNY Cosmetics","description":"","potentialAction":[{"@type":"SearchAction","target":{"@type":"EntryPoint","urlTemplate":"https:\/\/www.anny-cosmetics.com\/de\/?s={search_term_string}"},"query-input":{"@type":"PropertyValueSpecification","valueRequired":true,"valueName":"search_term_string"}}],"inLanguage":"de-DE"}]}},"_links":{"self":[{"href":"https:\/\/www.anny-cosmetics.com\/de\/wp-json\/wp\/v2\/product\/65255","targetHints":{"allow":["GET"]}}],"collection":[{"href":"https:\/\/www.anny-cosmetics.com\/de\/wp-json\/wp\/v2\/product"}],"about":[{"href":"https:\/\/www.anny-cosmetics.com\/de\/wp-json\/wp\/v2\/types\/product"}],"replies":[{"embeddable":true,"href":"https:\/\/www.anny-cosmetics.com\/de\/wp-json\/wp\/v2\/comments?post=65255"}],"version-history":[{"count":5,"href":"https:\/\/www.anny-cosmetics.com\/de\/wp-json\/wp\/v2\/product\/65255\/revisions"}],"predecessor-version":[{"id":67445,"href":"https:\/\/www.anny-cosmetics.com\/de\/wp-json\/wp\/v2\/product\/65255\/revisions\/67445"}],"wp:featuredmedia":[{"embeddable":true,"href":"https:\/\/www.anny-cosmetics.com\/de\/wp-json\/wp\/v2\/media\/77318"}],"wp:attachment":[{"href":"https:\/\/www.anny-cosmetics.com\/de\/wp-json\/wp\/v2\/media?parent=65255"}],"wp:term":[{"taxonomy":"product_brand","embeddable":true,"href":"https:\/\/www.anny-cosmetics.com\/de\/wp-json\/wp\/v2\/product_brand?post=65255"},{"taxonomy":"product_cat","embeddable":true,"href":"https:\/\/www.anny-cosmetics.com\/de\/wp-json\/wp\/v2\/product_cat?post=65255"},{"taxonomy":"product_tag","embeddable":true,"href":"https:\/\/www.anny-cosmetics.com\/de\/wp-json\/wp\/v2\/product_tag?post=65255"}],"curies":[{"name":"wp","href":"https:\/\/api.w.org\/{rel}","templated":true}]}}