{"id":92191,"date":"2026-03-12T13:35:14","date_gmt":"2026-03-12T12:35:14","guid":{"rendered":"https:\/\/www.anny-cosmetics.com\/produkt\/no-more-drama\/"},"modified":"2026-03-12T13:35:40","modified_gmt":"2026-03-12T12:35:40","slug":"no-more-drama","status":"publish","type":"product","link":"https:\/\/www.anny-cosmetics.com\/de\/produkt\/no-more-drama\/","title":{"rendered":"No More Drama"},"content":{"rendered":"<p>Suchst Du die perfekte L\u00f6sung f\u00fcr gesch\u00e4digte N\u00e4gel? Das ANNY No More Drama Repair &amp; Recover Treatment schenkt Deinen N\u00e4geln eine wohltuende Regenerationspause und sorgt f\u00fcr ein gepflegtes Erscheinungsbild, auch ganz ohne Farblack. Das zarte, pinke Sheer Finish verleiht den N\u00e4geln einen nat\u00fcrlichen, frischen Look und l\u00e4sst sie sofort gepflegt wirken. <\/p>\n<p>Ideal f\u00fcr alle, die nach einer UV Gel Behandlung oder zwischendurch auf Farbgel verzichten m\u00f6chten, ohne ungepflegt wirkende N\u00e4gel in Kauf zu nehmen. Die gl\u00e4ttende, individuell abgestimmte Textur wurde speziell f\u00fcr strapazierte N\u00e4gel entwickelt und versorgt sie mit bew\u00e4hrten, nagelfreundlichen Inhaltsstoffen. <\/p>\n","protected":false},"excerpt":{"rendered":"<p>Regenerationslack f\u00fcr gestresste N\u00e4gel<\/p>\n","protected":false},"featured_media":92218,"comment_status":"open","ping_status":"closed","template":"","meta":[],"product_brand":[],"product_cat":[1603],"product_tag":[],"class_list":{"0":"post-92191","1":"product","2":"type-product","3":"status-publish","4":"has-post-thumbnail","6":"product_cat-nail-care-specials","9":"first","10":"instock","11":"shipping-taxable","12":"purchasable","13":"product-type-simple"},"yoast_head":"<!-- This site is optimized with the Yoast SEO plugin v25.7 - https:\/\/yoast.com\/wordpress\/plugins\/seo\/ -->\n<title>No More Drama - ANNY Cosmetics<\/title>\n<meta name=\"description\" content=\"Regenerationslack f\u00fcr gestresste N\u00e4gel\" \/>\n<meta name=\"robots\" content=\"index, follow, max-snippet:-1, max-image-preview:large, max-video-preview:-1\" \/>\n<link rel=\"canonical\" href=\"https:\/\/www.anny-cosmetics.com\/de\/produkt\/no-more-drama\/\" \/>\n<meta property=\"og:locale\" content=\"de_DE\" \/>\n<meta property=\"og:type\" content=\"article\" \/>\n<meta property=\"og:title\" content=\"No More Drama - ANNY Cosmetics\" \/>\n<meta property=\"og:description\" content=\"Regenerationslack f\u00fcr gestresste N\u00e4gel\" \/>\n<meta property=\"og:url\" content=\"https:\/\/www.anny-cosmetics.com\/de\/produkt\/no-more-drama\/\" \/>\n<meta property=\"og:site_name\" content=\"ANNY Cosmetics\" \/>\n<meta property=\"article:publisher\" content=\"https:\/\/www.facebook.com\/Anny.cosmetics\/\" \/>\n<meta property=\"article:modified_time\" content=\"2026-03-12T12:35:40+00:00\" \/>\n<meta property=\"og:image\" content=\"https:\/\/www.anny-cosmetics.com\/app\/uploads\/2026\/03\/84dc45cb0e4ebe3d5eb3407af102a74b1635c59f_Original_size_JPG_A10.929_no_more_drama-1-scaled.jpg\" \/>\n\t<meta property=\"og:image:width\" content=\"2560\" \/>\n\t<meta property=\"og:image:height\" content=\"2560\" \/>\n\t<meta property=\"og:image:type\" content=\"image\/jpeg\" \/>\n<meta name=\"twitter:card\" content=\"summary_large_image\" \/>\n<meta name=\"twitter:label1\" content=\"Gesch\u00e4tzte Lesezeit\" \/>\n\t<meta name=\"twitter:data1\" content=\"1 Minute\" \/>\n<script type=\"application\/ld+json\" class=\"yoast-schema-graph\">{\"@context\":\"https:\/\/schema.org\",\"@graph\":[{\"@type\":\"WebPage\",\"@id\":\"https:\/\/www.anny-cosmetics.com\/de\/produkt\/no-more-drama\/\",\"url\":\"https:\/\/www.anny-cosmetics.com\/de\/produkt\/no-more-drama\/\",\"name\":\"No More Drama - ANNY Cosmetics\",\"isPartOf\":{\"@id\":\"https:\/\/www.anny-cosmetics.com\/de\/#website\"},\"primaryImageOfPage\":{\"@id\":\"https:\/\/www.anny-cosmetics.com\/de\/produkt\/no-more-drama\/#primaryimage\"},\"image\":{\"@id\":\"https:\/\/www.anny-cosmetics.com\/de\/produkt\/no-more-drama\/#primaryimage\"},\"thumbnailUrl\":\"https:\/\/www.anny-cosmetics.com\/app\/uploads\/2026\/03\/84dc45cb0e4ebe3d5eb3407af102a74b1635c59f_Original_size_JPG_A10.929_no_more_drama-1-scaled.jpg\",\"datePublished\":\"2026-03-12T12:35:14+00:00\",\"dateModified\":\"2026-03-12T12:35:40+00:00\",\"description\":\"Regenerationslack f\u00fcr gestresste N\u00e4gel\",\"breadcrumb\":{\"@id\":\"https:\/\/www.anny-cosmetics.com\/de\/produkt\/no-more-drama\/#breadcrumb\"},\"inLanguage\":\"de-DE\",\"potentialAction\":[{\"@type\":\"ReadAction\",\"target\":[\"https:\/\/www.anny-cosmetics.com\/de\/produkt\/no-more-drama\/\"]}]},{\"@type\":\"ImageObject\",\"inLanguage\":\"de-DE\",\"@id\":\"https:\/\/www.anny-cosmetics.com\/de\/produkt\/no-more-drama\/#primaryimage\",\"url\":\"https:\/\/www.anny-cosmetics.com\/app\/uploads\/2026\/03\/84dc45cb0e4ebe3d5eb3407af102a74b1635c59f_Original_size_JPG_A10.929_no_more_drama-1-scaled.jpg\",\"contentUrl\":\"https:\/\/www.anny-cosmetics.com\/app\/uploads\/2026\/03\/84dc45cb0e4ebe3d5eb3407af102a74b1635c59f_Original_size_JPG_A10.929_no_more_drama-1-scaled.jpg\",\"width\":2560,\"height\":2560},{\"@type\":\"BreadcrumbList\",\"@id\":\"https:\/\/www.anny-cosmetics.com\/de\/produkt\/no-more-drama\/#breadcrumb\",\"itemListElement\":[{\"@type\":\"ListItem\",\"position\":1,\"name\":\"Home\",\"item\":\"https:\/\/www.anny-cosmetics.com\/de\/\"},{\"@type\":\"ListItem\",\"position\":2,\"name\":\"Shop\",\"item\":\"https:\/\/www.anny-cosmetics.com\/de\/shop\/\"},{\"@type\":\"ListItem\",\"position\":3,\"name\":\"No More Drama\"}]},{\"@type\":\"WebSite\",\"@id\":\"https:\/\/www.anny-cosmetics.com\/de\/#website\",\"url\":\"https:\/\/www.anny-cosmetics.com\/de\/\",\"name\":\"ANNY Cosmetics\",\"description\":\"\",\"potentialAction\":[{\"@type\":\"SearchAction\",\"target\":{\"@type\":\"EntryPoint\",\"urlTemplate\":\"https:\/\/www.anny-cosmetics.com\/de\/?s={search_term_string}\"},\"query-input\":{\"@type\":\"PropertyValueSpecification\",\"valueRequired\":true,\"valueName\":\"search_term_string\"}}],\"inLanguage\":\"de-DE\"}]}<\/script>\n<!-- \/ Yoast SEO plugin. -->","yoast_head_json":{"title":"No More Drama - ANNY Cosmetics","description":"Regenerationslack f\u00fcr gestresste N\u00e4gel","robots":{"index":"index","follow":"follow","max-snippet":"max-snippet:-1","max-image-preview":"max-image-preview:large","max-video-preview":"max-video-preview:-1"},"canonical":"https:\/\/www.anny-cosmetics.com\/de\/produkt\/no-more-drama\/","og_locale":"de_DE","og_type":"article","og_title":"No More Drama - ANNY Cosmetics","og_description":"Regenerationslack f\u00fcr gestresste N\u00e4gel","og_url":"https:\/\/www.anny-cosmetics.com\/de\/produkt\/no-more-drama\/","og_site_name":"ANNY Cosmetics","article_publisher":"https:\/\/www.facebook.com\/Anny.cosmetics\/","article_modified_time":"2026-03-12T12:35:40+00:00","og_image":[{"width":2560,"height":2560,"url":"https:\/\/www.anny-cosmetics.com\/app\/uploads\/2026\/03\/84dc45cb0e4ebe3d5eb3407af102a74b1635c59f_Original_size_JPG_A10.929_no_more_drama-1-scaled.jpg","type":"image\/jpeg"}],"twitter_card":"summary_large_image","twitter_misc":{"Gesch\u00e4tzte Lesezeit":"1 Minute"},"schema":{"@context":"https:\/\/schema.org","@graph":[{"@type":"WebPage","@id":"https:\/\/www.anny-cosmetics.com\/de\/produkt\/no-more-drama\/","url":"https:\/\/www.anny-cosmetics.com\/de\/produkt\/no-more-drama\/","name":"No More Drama - ANNY Cosmetics","isPartOf":{"@id":"https:\/\/www.anny-cosmetics.com\/de\/#website"},"primaryImageOfPage":{"@id":"https:\/\/www.anny-cosmetics.com\/de\/produkt\/no-more-drama\/#primaryimage"},"image":{"@id":"https:\/\/www.anny-cosmetics.com\/de\/produkt\/no-more-drama\/#primaryimage"},"thumbnailUrl":"https:\/\/www.anny-cosmetics.com\/app\/uploads\/2026\/03\/84dc45cb0e4ebe3d5eb3407af102a74b1635c59f_Original_size_JPG_A10.929_no_more_drama-1-scaled.jpg","datePublished":"2026-03-12T12:35:14+00:00","dateModified":"2026-03-12T12:35:40+00:00","description":"Regenerationslack f\u00fcr gestresste N\u00e4gel","breadcrumb":{"@id":"https:\/\/www.anny-cosmetics.com\/de\/produkt\/no-more-drama\/#breadcrumb"},"inLanguage":"de-DE","potentialAction":[{"@type":"ReadAction","target":["https:\/\/www.anny-cosmetics.com\/de\/produkt\/no-more-drama\/"]}]},{"@type":"ImageObject","inLanguage":"de-DE","@id":"https:\/\/www.anny-cosmetics.com\/de\/produkt\/no-more-drama\/#primaryimage","url":"https:\/\/www.anny-cosmetics.com\/app\/uploads\/2026\/03\/84dc45cb0e4ebe3d5eb3407af102a74b1635c59f_Original_size_JPG_A10.929_no_more_drama-1-scaled.jpg","contentUrl":"https:\/\/www.anny-cosmetics.com\/app\/uploads\/2026\/03\/84dc45cb0e4ebe3d5eb3407af102a74b1635c59f_Original_size_JPG_A10.929_no_more_drama-1-scaled.jpg","width":2560,"height":2560},{"@type":"BreadcrumbList","@id":"https:\/\/www.anny-cosmetics.com\/de\/produkt\/no-more-drama\/#breadcrumb","itemListElement":[{"@type":"ListItem","position":1,"name":"Home","item":"https:\/\/www.anny-cosmetics.com\/de\/"},{"@type":"ListItem","position":2,"name":"Shop","item":"https:\/\/www.anny-cosmetics.com\/de\/shop\/"},{"@type":"ListItem","position":3,"name":"No More Drama"}]},{"@type":"WebSite","@id":"https:\/\/www.anny-cosmetics.com\/de\/#website","url":"https:\/\/www.anny-cosmetics.com\/de\/","name":"ANNY Cosmetics","description":"","potentialAction":[{"@type":"SearchAction","target":{"@type":"EntryPoint","urlTemplate":"https:\/\/www.anny-cosmetics.com\/de\/?s={search_term_string}"},"query-input":{"@type":"PropertyValueSpecification","valueRequired":true,"valueName":"search_term_string"}}],"inLanguage":"de-DE"}]}},"_links":{"self":[{"href":"https:\/\/www.anny-cosmetics.com\/de\/wp-json\/wp\/v2\/product\/92191","targetHints":{"allow":["GET"]}}],"collection":[{"href":"https:\/\/www.anny-cosmetics.com\/de\/wp-json\/wp\/v2\/product"}],"about":[{"href":"https:\/\/www.anny-cosmetics.com\/de\/wp-json\/wp\/v2\/types\/product"}],"replies":[{"embeddable":true,"href":"https:\/\/www.anny-cosmetics.com\/de\/wp-json\/wp\/v2\/comments?post=92191"}],"version-history":[{"count":1,"href":"https:\/\/www.anny-cosmetics.com\/de\/wp-json\/wp\/v2\/product\/92191\/revisions"}],"predecessor-version":[{"id":92206,"href":"https:\/\/www.anny-cosmetics.com\/de\/wp-json\/wp\/v2\/product\/92191\/revisions\/92206"}],"wp:featuredmedia":[{"embeddable":true,"href":"https:\/\/www.anny-cosmetics.com\/de\/wp-json\/wp\/v2\/media\/92218"}],"wp:attachment":[{"href":"https:\/\/www.anny-cosmetics.com\/de\/wp-json\/wp\/v2\/media?parent=92191"}],"wp:term":[{"taxonomy":"product_brand","embeddable":true,"href":"https:\/\/www.anny-cosmetics.com\/de\/wp-json\/wp\/v2\/product_brand?post=92191"},{"taxonomy":"product_cat","embeddable":true,"href":"https:\/\/www.anny-cosmetics.com\/de\/wp-json\/wp\/v2\/product_cat?post=92191"},{"taxonomy":"product_tag","embeddable":true,"href":"https:\/\/www.anny-cosmetics.com\/de\/wp-json\/wp\/v2\/product_tag?post=92191"}],"curies":[{"name":"wp","href":"https:\/\/api.w.org\/{rel}","templated":true}]}}